{"id":16205,"date":"2025-10-21T09:47:07","date_gmt":"2025-10-21T12:47:07","guid":{"rendered":"https:\/\/sites.uvpr.pr.gov.br\/redes\/?page_id=16205"},"modified":"2025-10-21T09:48:10","modified_gmt":"2025-10-21T12:48:10","slug":"noticias","status":"publish","type":"page","link":"https:\/\/sites.uvpr.pr.gov.br\/redes\/noticias\/","title":{"rendered":"Not\u00edcias"},"content":{"rendered":"\t\t<div data-elementor-type=\"wp-page\" data-elementor-id=\"16205\" class=\"elementor elementor-16205\" data-elementor-post-type=\"page\">\n\t\t\t\t\t\t<section class=\"elementor-section elementor-top-section elementor-element elementor-element-41ee7eb elementor-section-boxed elementor-section-height-default elementor-section-height-default\" data-id=\"41ee7eb\" data-element_type=\"section\" data-e-type=\"section\" data-settings=\"{&quot;background_background&quot;:&quot;classic&quot;}\">\n\t\t\t\t\t\t<div class=\"elementor-container elementor-column-gap-default\">\n\t\t\t\t\t<div class=\"elementor-column elementor-col-100 elementor-top-column elementor-element elementor-element-4a933aa\" data-id=\"4a933aa\" data-element_type=\"column\" data-e-type=\"column\">\n\t\t\t<div class=\"elementor-widget-wrap elementor-element-populated\">\n\t\t\t\t\t\t<div class=\"elementor-element elementor-element-67ea78d elementor-widget elementor-widget-heading\" data-id=\"67ea78d\" data-element_type=\"widget\" data-e-type=\"widget\" data-widget_type=\"heading.default\">\n\t\t\t\t\t<h2 class=\"elementor-heading-title elementor-size-default\">Novidades<\/h2>\t\t\t\t<\/div>\n\t\t\t\t<div class=\"elementor-element elementor-element-0f1e9e4 elementor-widget elementor-widget-text-editor\" data-id=\"0f1e9e4\" data-element_type=\"widget\" data-e-type=\"widget\" data-widget_type=\"text-editor.default\">\n\t\t\t\t\t\t\t\t\t<p>Acompanhe as \u00faltimas not\u00edcias e desenvolvimentos da nossa rede de universidades<\/p>\t\t\t\t\t\t\t\t<\/div>\n\t\t\t\t<div class=\"elementor-element elementor-element-8f240bc elementor-widget elementor-widget-shortcode\" data-id=\"8f240bc\" data-element_type=\"widget\" data-e-type=\"widget\" data-widget_type=\"shortcode.default\">\n\t\t\t\t\t\t\t<div class=\"elementor-shortcode\">\n    \n\n    <div id=\"news-grid\"\n         class=\"news-grid\"\n         data-per=\"6\"\n         data-order=\"DESC\"\n         data-orderby=\"date\"\n         data-cat=\"\">\n            <article class=\"news-card\">\n                    <a class=\"news-thumb\" href=\"https:\/\/sites.uvpr.pr.gov.br\/redes\/metodologias-ativas-entrevista-com-professor-dr-edson-arpini-uem\/\">\n                <img decoding=\"async\" src=\"https:\/\/sites.uvpr.pr.gov.br\/redes\/wp-content\/uploads\/sites\/12\/2025\/10\/HUR0roPM2rg-HD-550x290.jpg\" alt=\"Metodologias Ativas &#8211; Entrevista com Professor Dr. Edson Arpini (UEM)\">\n            <\/a>\n        \n        <div class=\"news-body\">\n            <div class=\"news-date\">\n                <svg width=\"16\" height=\"16\" viewBox=\"0 0 24 24\" aria-hidden=\"true\"><path d=\"M7 2a1 1 0 0 1 1 1v1h8V3a1 1 0 1 1 2 0v1h1a2 2 0 0 1 2 2v12a2 2 0 0 1-2 2H5a2 2 0 0 1-2-2V6a2 2 0 0 1 2-2h1V3a1 1 0 0 1 1-1Zm12 7H5v9a1 1 0 0 0 1 1h12a1 1 0 0 0 1-1V9Z\"\/><\/svg>\n                <span>28 de outubro de 2025<\/span>\n            <\/div>\n\n            <h3 class=\"news-title\"><a href=\"https:\/\/sites.uvpr.pr.gov.br\/redes\/metodologias-ativas-entrevista-com-professor-dr-edson-arpini-uem\/\">Metodologias Ativas &#8211; Entrevista com Professor Dr. Edson Arpini (UEM)<\/a><\/h3>\n\n            <p class=\"news-excerpt\">\n                A entrevista com o Professor Dr. Edson Arpini (UEM) foi realizada durante o IV Encontro Estadual de Doc\u00eancia Universit\u00e1ria: em\u2026            <\/p>\n\n            <a class=\"news-more\" href=\"https:\/\/sites.uvpr.pr.gov.br\/redes\/metodologias-ativas-entrevista-com-professor-dr-edson-arpini-uem\/\">Leia mais <svg xmlns=\"http:\/\/www.w3.org\/2000\/svg\" width=\"8\" height=\"8\" viewBox=\"0 0 20 20\"><g fill=\"#3D83F3\" fill-rule=\"evenodd\" clip-rule=\"evenodd\"><path d=\"M11.026 5.232a1 1 0 0 1 1.409.128l3.333 4a1 1 0 0 1-1.536 1.28l-3.334-4a1 1 0 0 1 .128-1.408\"\/><path d=\"M11.026 14.768a1 1 0 0 1-.128-1.408l3.334-4a1 1 0 0 1 1.536 1.28l-3.333 4a1 1 0 0 1-1.409.128\"\/><path d=\"M14 10a1 1 0 0 1-1 1H5a1 1 0 1 1 0-2h8a1 1 0 0 1 1 1\"\/><\/g><\/svg><\/a>\n        <\/div>\n    <\/article>\n        <article class=\"news-card\">\n                    <a class=\"news-thumb\" href=\"https:\/\/sites.uvpr.pr.gov.br\/redes\/jornada-pde-2025-unicentro\/\">\n                <img decoding=\"async\" src=\"https:\/\/sites.uvpr.pr.gov.br\/redes\/wp-content\/uploads\/sites\/12\/2025\/10\/WhatsApp-Image-2025-10-08-at-12.28.59-1-1-550x290.jpeg\" alt=\"1\u00aa Jornada do PDE 2025 discute o fortalecimento da forma\u00e7\u00e3o docente no Paran\u00e1\">\n            <\/a>\n        \n        <div class=\"news-body\">\n            <div class=\"news-date\">\n                <svg width=\"16\" height=\"16\" viewBox=\"0 0 24 24\" aria-hidden=\"true\"><path d=\"M7 2a1 1 0 0 1 1 1v1h8V3a1 1 0 1 1 2 0v1h1a2 2 0 0 1 2 2v12a2 2 0 0 1-2 2H5a2 2 0 0 1-2-2V6a2 2 0 0 1 2-2h1V3a1 1 0 0 1 1-1Zm12 7H5v9a1 1 0 0 0 1 1h12a1 1 0 0 0 1-1V9Z\"\/><\/svg>\n                <span>10 de outubro de 2025<\/span>\n            <\/div>\n\n            <h3 class=\"news-title\"><a href=\"https:\/\/sites.uvpr.pr.gov.br\/redes\/jornada-pde-2025-unicentro\/\">1\u00aa Jornada do PDE 2025 discute o fortalecimento da forma\u00e7\u00e3o docente no Paran\u00e1<\/a><\/h3>\n\n            <p class=\"news-excerpt\">\n                A Universidade Estadual do Centro-Oeste (Unicentro) sediou, nesta ter\u00e7a-feira (7), no Campus Cedeteg, a 1\u00aa Jornada de Professores, Pesquisadores, Mentores\u2026            <\/p>\n\n            <a class=\"news-more\" href=\"https:\/\/sites.uvpr.pr.gov.br\/redes\/jornada-pde-2025-unicentro\/\">Leia mais <svg xmlns=\"http:\/\/www.w3.org\/2000\/svg\" width=\"8\" height=\"8\" viewBox=\"0 0 20 20\"><g fill=\"#3D83F3\" fill-rule=\"evenodd\" clip-rule=\"evenodd\"><path d=\"M11.026 5.232a1 1 0 0 1 1.409.128l3.333 4a1 1 0 0 1-1.536 1.28l-3.334-4a1 1 0 0 1 .128-1.408\"\/><path d=\"M11.026 14.768a1 1 0 0 1-.128-1.408l3.334-4a1 1 0 0 1 1.536 1.28l-3.333 4a1 1 0 0 1-1.409.128\"\/><path d=\"M14 10a1 1 0 0 1-1 1H5a1 1 0 1 1 0-2h8a1 1 0 0 1 1 1\"\/><\/g><\/svg><\/a>\n        <\/div>\n    <\/article>\n        <article class=\"news-card\">\n                    <a class=\"news-thumb\" href=\"https:\/\/sites.uvpr.pr.gov.br\/redes\/pde-2025-27-vai-capacitar-1-533-professores-participantes-subirao-ao-nivel-3-da-carreira\/\">\n                <img decoding=\"async\" src=\"https:\/\/sites.uvpr.pr.gov.br\/redes\/wp-content\/uploads\/sites\/12\/2025\/10\/lucas_fermin_prof-08686_1-550x290.jpg\" alt=\"PDE 2025-27 vai capacitar 1.533 professores; participantes subir\u00e3o ao N\u00edvel 3 da carreira\">\n            <\/a>\n        \n        <div class=\"news-body\">\n            <div class=\"news-date\">\n                <svg width=\"16\" height=\"16\" viewBox=\"0 0 24 24\" aria-hidden=\"true\"><path d=\"M7 2a1 1 0 0 1 1 1v1h8V3a1 1 0 1 1 2 0v1h1a2 2 0 0 1 2 2v12a2 2 0 0 1-2 2H5a2 2 0 0 1-2-2V6a2 2 0 0 1 2-2h1V3a1 1 0 0 1 1-1Zm12 7H5v9a1 1 0 0 0 1 1h12a1 1 0 0 0 1-1V9Z\"\/><\/svg>\n                <span>29 de julho de 2025<\/span>\n            <\/div>\n\n            <h3 class=\"news-title\"><a href=\"https:\/\/sites.uvpr.pr.gov.br\/redes\/pde-2025-27-vai-capacitar-1-533-professores-participantes-subirao-ao-nivel-3-da-carreira\/\">PDE 2025-27 vai capacitar 1.533 professores; participantes subir\u00e3o ao N\u00edvel 3 da carreira<\/a><\/h3>\n\n            <p class=\"news-excerpt\">\n                &nbsp; Um grupo com 1.533 professores da rede estadual do Paran\u00e1 participa nesta segunda-feira (28) da aula inaugural do Programa\u2026            <\/p>\n\n            <a class=\"news-more\" href=\"https:\/\/sites.uvpr.pr.gov.br\/redes\/pde-2025-27-vai-capacitar-1-533-professores-participantes-subirao-ao-nivel-3-da-carreira\/\">Leia mais <svg xmlns=\"http:\/\/www.w3.org\/2000\/svg\" width=\"8\" height=\"8\" viewBox=\"0 0 20 20\"><g fill=\"#3D83F3\" fill-rule=\"evenodd\" clip-rule=\"evenodd\"><path d=\"M11.026 5.232a1 1 0 0 1 1.409.128l3.333 4a1 1 0 0 1-1.536 1.28l-3.334-4a1 1 0 0 1 .128-1.408\"\/><path d=\"M11.026 14.768a1 1 0 0 1-.128-1.408l3.334-4a1 1 0 0 1 1.536 1.28l-3.333 4a1 1 0 0 1-1.409.128\"\/><path d=\"M14 10a1 1 0 0 1-1 1H5a1 1 0 1 1 0-2h8a1 1 0 0 1 1 1\"\/><\/g><\/svg><\/a>\n        <\/div>\n    <\/article>\n        <article class=\"news-card\">\n                    <a class=\"news-thumb\" href=\"https:\/\/sites.uvpr.pr.gov.br\/redes\/eixo-1-do-napi-educacao-do-futuro-se-reune-para-discussao-sobre-formacao-continuada-de-professores-e-sobre-eventos-pertinentes-ao-projeto\/\">\n                <img decoding=\"async\" src=\"https:\/\/sites.uvpr.pr.gov.br\/redes\/wp-content\/uploads\/sites\/12\/2025\/10\/WhatsApp-Image-2025-06-11-at-13.51.15-550x290.jpeg\" alt=\"Eixo 1 do Napi Educa\u00e7\u00e3o do Futuro se re\u00fane para discuss\u00e3o sobre forma\u00e7\u00e3o continuada de professores e sobre eventos pertinentes ao projeto\">\n            <\/a>\n        \n        <div class=\"news-body\">\n            <div class=\"news-date\">\n                <svg width=\"16\" height=\"16\" viewBox=\"0 0 24 24\" aria-hidden=\"true\"><path d=\"M7 2a1 1 0 0 1 1 1v1h8V3a1 1 0 1 1 2 0v1h1a2 2 0 0 1 2 2v12a2 2 0 0 1-2 2H5a2 2 0 0 1-2-2V6a2 2 0 0 1 2-2h1V3a1 1 0 0 1 1-1Zm12 7H5v9a1 1 0 0 0 1 1h12a1 1 0 0 0 1-1V9Z\"\/><\/svg>\n                <span>11 de junho de 2025<\/span>\n            <\/div>\n\n            <h3 class=\"news-title\"><a href=\"https:\/\/sites.uvpr.pr.gov.br\/redes\/eixo-1-do-napi-educacao-do-futuro-se-reune-para-discussao-sobre-formacao-continuada-de-professores-e-sobre-eventos-pertinentes-ao-projeto\/\">Eixo 1 do Napi Educa\u00e7\u00e3o do Futuro se re\u00fane para discuss\u00e3o sobre forma\u00e7\u00e3o continuada de professores e sobre eventos pertinentes ao projeto<\/a><\/h3>\n\n            <p class=\"news-excerpt\">\n                No dia 11 de junho de 2025, foi realizada uma reuni\u00e3o de trabalho, junto aos pesquisadores do NAPI Educa\u00e7\u00e3o do\u2026            <\/p>\n\n            <a class=\"news-more\" href=\"https:\/\/sites.uvpr.pr.gov.br\/redes\/eixo-1-do-napi-educacao-do-futuro-se-reune-para-discussao-sobre-formacao-continuada-de-professores-e-sobre-eventos-pertinentes-ao-projeto\/\">Leia mais <svg xmlns=\"http:\/\/www.w3.org\/2000\/svg\" width=\"8\" height=\"8\" viewBox=\"0 0 20 20\"><g fill=\"#3D83F3\" fill-rule=\"evenodd\" clip-rule=\"evenodd\"><path d=\"M11.026 5.232a1 1 0 0 1 1.409.128l3.333 4a1 1 0 0 1-1.536 1.28l-3.334-4a1 1 0 0 1 .128-1.408\"\/><path d=\"M11.026 14.768a1 1 0 0 1-.128-1.408l3.334-4a1 1 0 0 1 1.536 1.28l-3.333 4a1 1 0 0 1-1.409.128\"\/><path d=\"M14 10a1 1 0 0 1-1 1H5a1 1 0 1 1 0-2h8a1 1 0 0 1 1 1\"\/><\/g><\/svg><\/a>\n        <\/div>\n    <\/article>\n        <article class=\"news-card\">\n                    <a class=\"news-thumb\" href=\"https:\/\/sites.uvpr.pr.gov.br\/redes\/napi-educacao-do-futuro-divulga-acoes-e-pesquisas-na-expoinga-2025\/\">\n                <img decoding=\"async\" src=\"https:\/\/sites.uvpr.pr.gov.br\/redes\/wp-content\/uploads\/sites\/12\/2025\/10\/WhatsApp-Image-2025-05-09-at-10.40.59-550x290.jpeg\" alt=\"Napi Educa\u00e7\u00e3o do Futuro divulga a\u00e7\u00f5es e pesquisas na Expoing\u00e1 2025\">\n            <\/a>\n        \n        <div class=\"news-body\">\n            <div class=\"news-date\">\n                <svg width=\"16\" height=\"16\" viewBox=\"0 0 24 24\" aria-hidden=\"true\"><path d=\"M7 2a1 1 0 0 1 1 1v1h8V3a1 1 0 1 1 2 0v1h1a2 2 0 0 1 2 2v12a2 2 0 0 1-2 2H5a2 2 0 0 1-2-2V6a2 2 0 0 1 2-2h1V3a1 1 0 0 1 1-1Zm12 7H5v9a1 1 0 0 0 1 1h12a1 1 0 0 0 1-1V9Z\"\/><\/svg>\n                <span>10 de maio de 2025<\/span>\n            <\/div>\n\n            <h3 class=\"news-title\"><a href=\"https:\/\/sites.uvpr.pr.gov.br\/redes\/napi-educacao-do-futuro-divulga-acoes-e-pesquisas-na-expoinga-2025\/\">Napi Educa\u00e7\u00e3o do Futuro divulga a\u00e7\u00f5es e pesquisas na Expoing\u00e1 2025<\/a><\/h3>\n\n            <p class=\"news-excerpt\">\n                No dia 8 de maio de 2025, o Novo Arranjo de Pesquisa e Inova\u00e7\u00e3o (Napi) \u2013 Educa\u00e7\u00e3o do Futuro, Eixo\u2026            <\/p>\n\n            <a class=\"news-more\" href=\"https:\/\/sites.uvpr.pr.gov.br\/redes\/napi-educacao-do-futuro-divulga-acoes-e-pesquisas-na-expoinga-2025\/\">Leia mais <svg xmlns=\"http:\/\/www.w3.org\/2000\/svg\" width=\"8\" height=\"8\" viewBox=\"0 0 20 20\"><g fill=\"#3D83F3\" fill-rule=\"evenodd\" clip-rule=\"evenodd\"><path d=\"M11.026 5.232a1 1 0 0 1 1.409.128l3.333 4a1 1 0 0 1-1.536 1.28l-3.334-4a1 1 0 0 1 .128-1.408\"\/><path d=\"M11.026 14.768a1 1 0 0 1-.128-1.408l3.334-4a1 1 0 0 1 1.536 1.28l-3.333 4a1 1 0 0 1-1.409.128\"\/><path d=\"M14 10a1 1 0 0 1-1 1H5a1 1 0 1 1 0-2h8a1 1 0 0 1 1 1\"\/><\/g><\/svg><\/a>\n        <\/div>\n    <\/article>\n        <article class=\"news-card\">\n                    <a class=\"news-thumb\" href=\"https:\/\/sites.uvpr.pr.gov.br\/redes\/observatorio-da-educacao-basica-publica-do-parana-promove-reuniao-para-analise-de-diagnostico-sobre-formacao-continuada-de-professores\/\">\n                <img decoding=\"async\" src=\"https:\/\/sites.uvpr.pr.gov.br\/redes\/wp-content\/uploads\/sites\/12\/2025\/10\/WhatsApp-Image-2025-05-07-at-11.46.32-1-550x290.jpeg\" alt=\"Observat\u00f3rio da Educa\u00e7\u00e3o B\u00e1sica P\u00fablica do Paran\u00e1 promove reuni\u00e3o para an\u00e1lise de diagn\u00f3stico sobre Forma\u00e7\u00e3o Continuada de Professores\">\n            <\/a>\n        \n        <div class=\"news-body\">\n            <div class=\"news-date\">\n                <svg width=\"16\" height=\"16\" viewBox=\"0 0 24 24\" aria-hidden=\"true\"><path d=\"M7 2a1 1 0 0 1 1 1v1h8V3a1 1 0 1 1 2 0v1h1a2 2 0 0 1 2 2v12a2 2 0 0 1-2 2H5a2 2 0 0 1-2-2V6a2 2 0 0 1 2-2h1V3a1 1 0 0 1 1-1Zm12 7H5v9a1 1 0 0 0 1 1h12a1 1 0 0 0 1-1V9Z\"\/><\/svg>\n                <span>7 de maio de 2025<\/span>\n            <\/div>\n\n            <h3 class=\"news-title\"><a href=\"https:\/\/sites.uvpr.pr.gov.br\/redes\/observatorio-da-educacao-basica-publica-do-parana-promove-reuniao-para-analise-de-diagnostico-sobre-formacao-continuada-de-professores\/\">Observat\u00f3rio da Educa\u00e7\u00e3o B\u00e1sica P\u00fablica do Paran\u00e1 promove reuni\u00e3o para an\u00e1lise de diagn\u00f3stico sobre Forma\u00e7\u00e3o Continuada de Professores<\/a><\/h3>\n\n            <p class=\"news-excerpt\">\n                No dia 7 de maio de 2025, foi realizada uma reuni\u00e3o de trabalho entre os pesquisadores vinculados ao Novo Arranjo\u2026            <\/p>\n\n            <a class=\"news-more\" href=\"https:\/\/sites.uvpr.pr.gov.br\/redes\/observatorio-da-educacao-basica-publica-do-parana-promove-reuniao-para-analise-de-diagnostico-sobre-formacao-continuada-de-professores\/\">Leia mais <svg xmlns=\"http:\/\/www.w3.org\/2000\/svg\" width=\"8\" height=\"8\" viewBox=\"0 0 20 20\"><g fill=\"#3D83F3\" fill-rule=\"evenodd\" clip-rule=\"evenodd\"><path d=\"M11.026 5.232a1 1 0 0 1 1.409.128l3.333 4a1 1 0 0 1-1.536 1.28l-3.334-4a1 1 0 0 1 .128-1.408\"\/><path d=\"M11.026 14.768a1 1 0 0 1-.128-1.408l3.334-4a1 1 0 0 1 1.536 1.28l-3.333 4a1 1 0 0 1-1.409.128\"\/><path d=\"M14 10a1 1 0 0 1-1 1H5a1 1 0 1 1 0-2h8a1 1 0 0 1 1 1\"\/><\/g><\/svg><\/a>\n        <\/div>\n    <\/article>\n        <\/div>\n\n        <div class=\"news-more-wrap\">\n        <button id=\"news-load\" class=\"news-load\" data-page=\"1\">Carregar mais<\/button>\n    <\/div>\n    \n    <script>\n    (function(){\n        const btn  = document.getElementById('news-load');\n        if(!btn) return;\n        const grid = document.getElementById('news-grid');\n        const per  = parseInt(grid.dataset.per, 10) || 9;\n        const order = grid.dataset.order || 'DESC';\n        const orderby = grid.dataset.orderby || 'date';\n        const cat = grid.dataset.cat || '';\n\n        btn.addEventListener('click', function(){\n            const page = parseInt(btn.dataset.page,10) || 1;\n            btn.disabled = true; btn.textContent = 'Carregando...';\n\n            const data = new FormData();\n            data.append('action','posts_loadmore');\n            data.append('nonce','fb9af599ac');\n            data.append('page', page);\n            data.append('per', per);\n            data.append('order', order);\n            data.append('orderby', orderby);\n            data.append('cat', cat);\n\n            fetch('https:\/\/sites.uvpr.pr.gov.br\/redes\/wp-admin\/admin-ajax.php', {method:'POST', body:data})\n              .then(r=>r.json())\n              .then(resp=>{\n                if(resp.success && resp.data && resp.data.html){\n                    grid.insertAdjacentHTML('beforeend', resp.data.html);\n                    btn.dataset.page = page + 1;\n                    if(!resp.data.has_more){ btn.remove(); }\n                    else { btn.disabled = false; btn.textContent = 'Carregar mais'; }\n                } else {\n                    btn.disabled = false; btn.textContent = 'Tentar novamente';\n                }\n              })\n              .catch(()=>{ btn.disabled=false; btn.textContent='Tentar novamente'; });\n        });\n    })();\n    <\/script>\n\n    <\/div>\n\t\t\t\t\t\t<\/div>\n\t\t\t\t\t<\/div>\n\t\t<\/div>\n\t\t\t\t\t<\/div>\n\t\t<\/section>\n\t\t\t\t<\/div>\n\t\t","protected":false},"excerpt":{"rendered":"<p>Novidades Acompanhe as \u00faltimas not\u00edcias e desenvolvimentos da nossa rede de universidades<\/p>\n","protected":false},"author":1,"featured_media":0,"parent":0,"menu_order":8,"comment_status":"closed","ping_status":"closed","template":"","meta":{"_acf_changed":false,"footnotes":""},"class_list":["post-16205","page","type-page","status-publish","hentry"],"acf":[],"yoast_head":"<!-- This site is optimized with the Yoast SEO plugin v27.1.1 - https:\/\/yoast.com\/product\/yoast-seo-wordpress\/ -->\n<title>Not\u00edcias - REDES - Rede Estadual Doc\u00eancia no Ensino Superior<\/title>\n<meta name=\"robots\" content=\"index, follow, max-snippet:-1, max-image-preview:large, max-video-preview:-1\" \/>\n<link rel=\"canonical\" href=\"https:\/\/sites.uvpr.pr.gov.br\/redes\/noticias\/\" \/>\n<meta property=\"og:locale\" content=\"pt_BR\" \/>\n<meta property=\"og:type\" content=\"article\" \/>\n<meta property=\"og:title\" content=\"Not\u00edcias - REDES - Rede Estadual Doc\u00eancia no Ensino Superior\" \/>\n<meta property=\"og:description\" content=\"Novidades Acompanhe as \u00faltimas not\u00edcias e desenvolvimentos da nossa rede de universidades\" \/>\n<meta property=\"og:url\" content=\"https:\/\/sites.uvpr.pr.gov.br\/redes\/noticias\/\" \/>\n<meta property=\"og:site_name\" content=\"REDES - Rede Estadual Doc\u00eancia no Ensino Superior\" \/>\n<meta property=\"article:modified_time\" content=\"2025-10-21T12:48:10+00:00\" \/>\n<meta name=\"twitter:card\" content=\"summary_large_image\" \/>\n<meta name=\"twitter:label1\" content=\"Est. tempo de leitura\" \/>\n\t<meta name=\"twitter:data1\" content=\"3 minutos\" \/>\n<script type=\"application\/ld+json\" class=\"yoast-schema-graph\">{\"@context\":\"https:\/\/schema.org\",\"@graph\":[{\"@type\":\"WebPage\",\"@id\":\"https:\/\/sites.uvpr.pr.gov.br\/redes\/noticias\/\",\"url\":\"https:\/\/sites.uvpr.pr.gov.br\/redes\/noticias\/\",\"name\":\"Not\u00edcias - REDES - Rede Estadual Doc\u00eancia no Ensino Superior\",\"isPartOf\":{\"@id\":\"https:\/\/sites.uvpr.pr.gov.br\/redes\/#website\"},\"datePublished\":\"2025-10-21T12:47:07+00:00\",\"dateModified\":\"2025-10-21T12:48:10+00:00\",\"breadcrumb\":{\"@id\":\"https:\/\/sites.uvpr.pr.gov.br\/redes\/noticias\/#breadcrumb\"},\"inLanguage\":\"pt-BR\",\"potentialAction\":[{\"@type\":\"ReadAction\",\"target\":[\"https:\/\/sites.uvpr.pr.gov.br\/redes\/noticias\/\"]}]},{\"@type\":\"BreadcrumbList\",\"@id\":\"https:\/\/sites.uvpr.pr.gov.br\/redes\/noticias\/#breadcrumb\",\"itemListElement\":[{\"@type\":\"ListItem\",\"position\":1,\"name\":\"In\u00edcio\",\"item\":\"https:\/\/sites.uvpr.pr.gov.br\/redes\/\"},{\"@type\":\"ListItem\",\"position\":2,\"name\":\"Not\u00edcias\"}]},{\"@type\":\"WebSite\",\"@id\":\"https:\/\/sites.uvpr.pr.gov.br\/redes\/#website\",\"url\":\"https:\/\/sites.uvpr.pr.gov.br\/redes\/\",\"name\":\"REDES - Rede Estadual Doc\u00eancia no Ensino Superior\",\"description\":\"\",\"potentialAction\":[{\"@type\":\"SearchAction\",\"target\":{\"@type\":\"EntryPoint\",\"urlTemplate\":\"https:\/\/sites.uvpr.pr.gov.br\/redes\/?s={search_term_string}\"},\"query-input\":{\"@type\":\"PropertyValueSpecification\",\"valueRequired\":true,\"valueName\":\"search_term_string\"}}],\"inLanguage\":\"pt-BR\"}]}<\/script>\n<!-- \/ Yoast SEO plugin. -->","yoast_head_json":{"title":"Not\u00edcias - REDES - Rede Estadual Doc\u00eancia no Ensino Superior","robots":{"index":"index","follow":"follow","max-snippet":"max-snippet:-1","max-image-preview":"max-image-preview:large","max-video-preview":"max-video-preview:-1"},"canonical":"https:\/\/sites.uvpr.pr.gov.br\/redes\/noticias\/","og_locale":"pt_BR","og_type":"article","og_title":"Not\u00edcias - REDES - Rede Estadual Doc\u00eancia no Ensino Superior","og_description":"Novidades Acompanhe as \u00faltimas not\u00edcias e desenvolvimentos da nossa rede de universidades","og_url":"https:\/\/sites.uvpr.pr.gov.br\/redes\/noticias\/","og_site_name":"REDES - Rede Estadual Doc\u00eancia no Ensino Superior","article_modified_time":"2025-10-21T12:48:10+00:00","twitter_card":"summary_large_image","twitter_misc":{"Est. tempo de leitura":"3 minutos"},"schema":{"@context":"https:\/\/schema.org","@graph":[{"@type":"WebPage","@id":"https:\/\/sites.uvpr.pr.gov.br\/redes\/noticias\/","url":"https:\/\/sites.uvpr.pr.gov.br\/redes\/noticias\/","name":"Not\u00edcias - REDES - Rede Estadual Doc\u00eancia no Ensino Superior","isPartOf":{"@id":"https:\/\/sites.uvpr.pr.gov.br\/redes\/#website"},"datePublished":"2025-10-21T12:47:07+00:00","dateModified":"2025-10-21T12:48:10+00:00","breadcrumb":{"@id":"https:\/\/sites.uvpr.pr.gov.br\/redes\/noticias\/#breadcrumb"},"inLanguage":"pt-BR","potentialAction":[{"@type":"ReadAction","target":["https:\/\/sites.uvpr.pr.gov.br\/redes\/noticias\/"]}]},{"@type":"BreadcrumbList","@id":"https:\/\/sites.uvpr.pr.gov.br\/redes\/noticias\/#breadcrumb","itemListElement":[{"@type":"ListItem","position":1,"name":"In\u00edcio","item":"https:\/\/sites.uvpr.pr.gov.br\/redes\/"},{"@type":"ListItem","position":2,"name":"Not\u00edcias"}]},{"@type":"WebSite","@id":"https:\/\/sites.uvpr.pr.gov.br\/redes\/#website","url":"https:\/\/sites.uvpr.pr.gov.br\/redes\/","name":"REDES - Rede Estadual Doc\u00eancia no Ensino Superior","description":"","potentialAction":[{"@type":"SearchAction","target":{"@type":"EntryPoint","urlTemplate":"https:\/\/sites.uvpr.pr.gov.br\/redes\/?s={search_term_string}"},"query-input":{"@type":"PropertyValueSpecification","valueRequired":true,"valueName":"search_term_string"}}],"inLanguage":"pt-BR"}]}},"_links":{"self":[{"href":"https:\/\/sites.uvpr.pr.gov.br\/redes\/wp-json\/wp\/v2\/pages\/16205","targetHints":{"allow":["GET"]}}],"collection":[{"href":"https:\/\/sites.uvpr.pr.gov.br\/redes\/wp-json\/wp\/v2\/pages"}],"about":[{"href":"https:\/\/sites.uvpr.pr.gov.br\/redes\/wp-json\/wp\/v2\/types\/page"}],"author":[{"embeddable":true,"href":"https:\/\/sites.uvpr.pr.gov.br\/redes\/wp-json\/wp\/v2\/users\/1"}],"replies":[{"embeddable":true,"href":"https:\/\/sites.uvpr.pr.gov.br\/redes\/wp-json\/wp\/v2\/comments?post=16205"}],"version-history":[{"count":4,"href":"https:\/\/sites.uvpr.pr.gov.br\/redes\/wp-json\/wp\/v2\/pages\/16205\/revisions"}],"predecessor-version":[{"id":16212,"href":"https:\/\/sites.uvpr.pr.gov.br\/redes\/wp-json\/wp\/v2\/pages\/16205\/revisions\/16212"}],"wp:attachment":[{"href":"https:\/\/sites.uvpr.pr.gov.br\/redes\/wp-json\/wp\/v2\/media?parent=16205"}],"curies":[{"name":"wp","href":"https:\/\/api.w.org\/{rel}","templated":true}]}}