{"id":7,"date":"2025-10-20T11:44:06","date_gmt":"2025-10-20T14:44:06","guid":{"rendered":"https:\/\/sites.uvpr.pr.gov.br\/redes\/?page_id=7"},"modified":"2025-10-21T11:33:04","modified_gmt":"2025-10-21T14:33:04","slug":"producao","status":"publish","type":"page","link":"https:\/\/sites.uvpr.pr.gov.br\/redes\/producao\/","title":{"rendered":"Produ\u00e7\u00e3o"},"content":{"rendered":"\t\t<div data-elementor-type=\"wp-page\" data-elementor-id=\"7\" class=\"elementor elementor-7\" data-elementor-post-type=\"page\">\n\t\t\t\t\t\t<section class=\"elementor-section elementor-top-section elementor-element elementor-element-929135c elementor-reverse-mobile elementor-section-boxed elementor-section-height-default elementor-section-height-default\" data-id=\"929135c\" data-element_type=\"section\" data-e-type=\"section\" data-settings=\"{&quot;background_background&quot;:&quot;classic&quot;}\">\n\t\t\t\t\t\t\t<div class=\"elementor-background-overlay\"><\/div>\n\t\t\t\t\t\t\t<div class=\"elementor-container elementor-column-gap-no\">\n\t\t\t\t\t<div class=\"elementor-column elementor-col-50 elementor-top-column elementor-element elementor-element-6d80961\" data-id=\"6d80961\" data-element_type=\"column\" data-e-type=\"column\">\n\t\t\t<div class=\"elementor-widget-wrap elementor-element-populated\">\n\t\t\t\t\t\t<div class=\"elementor-element elementor-element-582fd14 elementor-widget elementor-widget-heading\" data-id=\"582fd14\" data-element_type=\"widget\" data-e-type=\"widget\" data-widget_type=\"heading.default\">\n\t\t\t\t\t<h2 class=\"elementor-heading-title elementor-size-default\">Produ\u00e7\u00e3o<\/h2>\t\t\t\t<\/div>\n\t\t\t\t<div class=\"elementor-element elementor-element-1055864 elementor-widget elementor-widget-text-editor\" data-id=\"1055864\" data-element_type=\"widget\" data-e-type=\"widget\" data-widget_type=\"text-editor.default\">\n\t\t\t\t\t\t\t\t\t<p>Reposit\u00f3rio de artigos, livros e teses desenvolvidos por estudantes e pesquisadores das universidades estaduais do Paran\u00e1.<\/p>\t\t\t\t\t\t\t\t<\/div>\n\t\t\t\t\t<\/div>\n\t\t<\/div>\n\t\t\t\t<div class=\"elementor-column elementor-col-50 elementor-top-column elementor-element elementor-element-4e521a0\" data-id=\"4e521a0\" data-element_type=\"column\" data-e-type=\"column\">\n\t\t\t<div class=\"elementor-widget-wrap elementor-element-populated\">\n\t\t\t\t\t\t<div class=\"elementor-element elementor-element-dcda570 elementor-hidden-desktop elementor-hidden-laptop elementor-widget elementor-widget-image\" data-id=\"dcda570\" data-element_type=\"widget\" data-e-type=\"widget\" data-widget_type=\"image.default\">\n\t\t\t\t\t\t\t\t\t\t\t\t\t\t\t<img fetchpriority=\"high\" decoding=\"async\" width=\"1024\" height=\"653\" src=\"https:\/\/sites.uvpr.pr.gov.br\/redes\/wp-content\/uploads\/sites\/12\/2025\/10\/Group-1000002094-1024x653.png\" class=\"attachment-large size-large wp-image-16048\" alt=\"\" srcset=\"https:\/\/sites.uvpr.pr.gov.br\/redes\/wp-content\/uploads\/sites\/12\/2025\/10\/Group-1000002094-1024x653.png 1024w, https:\/\/sites.uvpr.pr.gov.br\/redes\/wp-content\/uploads\/sites\/12\/2025\/10\/Group-1000002094-768x490.png 768w, https:\/\/sites.uvpr.pr.gov.br\/redes\/wp-content\/uploads\/sites\/12\/2025\/10\/Group-1000002094.png 1029w\" sizes=\"(max-width: 1024px) 100vw, 1024px\" \/>\t\t\t\t\t\t\t\t\t\t\t\t\t\t\t<\/div>\n\t\t\t\t\t<\/div>\n\t\t<\/div>\n\t\t\t\t\t<\/div>\n\t\t<\/section>\n\t\t\t\t<section class=\"elementor-section elementor-top-section elementor-element elementor-element-95a1e70 elementor-section-boxed elementor-section-height-default elementor-section-height-default\" data-id=\"95a1e70\" data-element_type=\"section\" data-e-type=\"section\">\n\t\t\t\t\t\t<div class=\"elementor-container elementor-column-gap-default\">\n\t\t\t\t\t<div class=\"elementor-column elementor-col-25 elementor-top-column elementor-element elementor-element-7b4af01\" data-id=\"7b4af01\" data-element_type=\"column\" data-e-type=\"column\" data-settings=\"{&quot;background_background&quot;:&quot;classic&quot;}\">\n\t\t\t<div class=\"elementor-widget-wrap elementor-element-populated\">\n\t\t\t\t\t\t<div class=\"elementor-element elementor-element-dd10443 elementor-widget elementor-widget-counter\" data-id=\"dd10443\" data-element_type=\"widget\" data-e-type=\"widget\" data-widget_type=\"counter.default\">\n\t\t\t\t\t\t\t<div class=\"elementor-counter\">\n\t\t\t<div class=\"elementor-counter-title\">Livros<\/div>\t\t\t<div class=\"elementor-counter-number-wrapper\">\n\t\t\t\t<span class=\"elementor-counter-number-prefix\"><\/span>\n\t\t\t\t<span class=\"elementor-counter-number\" data-duration=\"2000\" data-to-value=\"2\" data-from-value=\"0\" data-delimiter=\",\">0<\/span>\n\t\t\t\t<span class=\"elementor-counter-number-suffix\"><\/span>\n\t\t\t<\/div>\n\t\t<\/div>\n\t\t\t\t\t\t<\/div>\n\t\t\t\t\t<\/div>\n\t\t<\/div>\n\t\t\t\t<div class=\"elementor-column elementor-col-25 elementor-top-column elementor-element elementor-element-3127c87\" data-id=\"3127c87\" data-element_type=\"column\" data-e-type=\"column\">\n\t\t\t<div class=\"elementor-widget-wrap elementor-element-populated\">\n\t\t\t\t\t\t<div class=\"elementor-element elementor-element-3166ad4 elementor-widget elementor-widget-counter\" data-id=\"3166ad4\" data-element_type=\"widget\" data-e-type=\"widget\" data-widget_type=\"counter.default\">\n\t\t\t\t\t\t\t<div class=\"elementor-counter\">\n\t\t\t<div class=\"elementor-counter-title\">Teses de Doutorado<\/div>\t\t\t<div class=\"elementor-counter-number-wrapper\">\n\t\t\t\t<span class=\"elementor-counter-number-prefix\"><\/span>\n\t\t\t\t<span class=\"elementor-counter-number\" data-duration=\"2000\" data-to-value=\"20\" data-from-value=\"0\" data-delimiter=\",\">0<\/span>\n\t\t\t\t<span class=\"elementor-counter-number-suffix\"><\/span>\n\t\t\t<\/div>\n\t\t<\/div>\n\t\t\t\t\t\t<\/div>\n\t\t\t\t\t<\/div>\n\t\t<\/div>\n\t\t\t\t<div class=\"elementor-column elementor-col-25 elementor-top-column elementor-element elementor-element-f2b98ce\" data-id=\"f2b98ce\" data-element_type=\"column\" data-e-type=\"column\">\n\t\t\t<div class=\"elementor-widget-wrap elementor-element-populated\">\n\t\t\t\t\t\t<div class=\"elementor-element elementor-element-fc9bc49 elementor-widget elementor-widget-counter\" data-id=\"fc9bc49\" data-element_type=\"widget\" data-e-type=\"widget\" data-widget_type=\"counter.default\">\n\t\t\t\t\t\t\t<div class=\"elementor-counter\">\n\t\t\t<div class=\"elementor-counter-title\">Artigos em Peri\u00f3dicos<\/div>\t\t\t<div class=\"elementor-counter-number-wrapper\">\n\t\t\t\t<span class=\"elementor-counter-number-prefix\"><\/span>\n\t\t\t\t<span class=\"elementor-counter-number\" data-duration=\"2000\" data-to-value=\"130\" data-from-value=\"0\" data-delimiter=\",\">0<\/span>\n\t\t\t\t<span class=\"elementor-counter-number-suffix\"><\/span>\n\t\t\t<\/div>\n\t\t<\/div>\n\t\t\t\t\t\t<\/div>\n\t\t\t\t\t<\/div>\n\t\t<\/div>\n\t\t\t\t<div class=\"elementor-column elementor-col-25 elementor-top-column elementor-element elementor-element-f751e13\" data-id=\"f751e13\" data-element_type=\"column\" data-e-type=\"column\">\n\t\t\t<div class=\"elementor-widget-wrap elementor-element-populated\">\n\t\t\t\t\t\t<div class=\"elementor-element elementor-element-18ab54b elementor-widget elementor-widget-counter\" data-id=\"18ab54b\" data-element_type=\"widget\" data-e-type=\"widget\" data-widget_type=\"counter.default\">\n\t\t\t\t\t\t\t<div class=\"elementor-counter\">\n\t\t\t<div class=\"elementor-counter-title\">Produ\u00e7\u00f5es em eventos<\/div>\t\t\t<div class=\"elementor-counter-number-wrapper\">\n\t\t\t\t<span class=\"elementor-counter-number-prefix\"><\/span>\n\t\t\t\t<span class=\"elementor-counter-number\" data-duration=\"2000\" data-to-value=\"34\" data-from-value=\"0\" data-delimiter=\",\">0<\/span>\n\t\t\t\t<span class=\"elementor-counter-number-suffix\"><\/span>\n\t\t\t<\/div>\n\t\t<\/div>\n\t\t\t\t\t\t<\/div>\n\t\t\t\t\t<\/div>\n\t\t<\/div>\n\t\t\t\t\t<\/div>\n\t\t<\/section>\n\t\t\t\t<section class=\"elementor-section elementor-top-section elementor-element elementor-element-4c0c52e elementor-section-boxed elementor-section-height-default elementor-section-height-default\" data-id=\"4c0c52e\" data-element_type=\"section\" data-e-type=\"section\" data-settings=\"{&quot;background_background&quot;:&quot;classic&quot;}\">\n\t\t\t\t\t\t<div class=\"elementor-container elementor-column-gap-default\">\n\t\t\t\t\t<div class=\"elementor-column elementor-col-100 elementor-top-column elementor-element elementor-element-11e5fef\" data-id=\"11e5fef\" data-element_type=\"column\" data-e-type=\"column\">\n\t\t\t<div class=\"elementor-widget-wrap elementor-element-populated\">\n\t\t\t\t\t\t<div class=\"elementor-element elementor-element-c489e88 elementor-widget elementor-widget-heading\" data-id=\"c489e88\" data-element_type=\"widget\" data-e-type=\"widget\" data-widget_type=\"heading.default\">\n\t\t\t\t\t<h2 class=\"elementor-heading-title elementor-size-default\">Arquivos e Documentos<\/h2>\t\t\t\t<\/div>\n\t\t\t\t<div class=\"elementor-element elementor-element-d459fd9 elementor-widget elementor-widget-text-editor\" data-id=\"d459fd9\" data-element_type=\"widget\" data-e-type=\"widget\" data-widget_type=\"text-editor.default\">\n\t\t\t\t\t\t\t\t\t<p>Confira os arquivos, artigos e produ\u00e7\u00f5es desenvolvidas pelos alunos.<\/p>\t\t\t\t\t\t\t\t<\/div>\n\t\t\t\t<div class=\"elementor-element elementor-element-9301514 elementor-widget elementor-widget-shortcode\" data-id=\"9301514\" data-element_type=\"widget\" data-e-type=\"widget\" data-widget_type=\"shortcode.default\">\n\t\t\t\t\t\t\t<div class=\"elementor-shortcode\">    \n<div class=\"arquivos-search-wrap\">\n  <input type=\"text\" id=\"arquivos-search\" placeholder=\"Buscar por t\u00edtulo...\" \/>\n  <button type=\"button\" id=\"arquivos-filter-btn\">Filtrar<\/button>\n<\/div><br><br>\n\n    <div class=\"arquivos-grid\" id=\"arquivos-grid\"\n         data-per=\"12\"\n         data-order=\"DESC\"\n         data-orderby=\"date\"\n         data-tipo=\"\">\n            <article class=\"arquivo-card1\">\n        <div class=\"arquivo-top\">\n            <h3 class=\"arquivo-titulo1\">Reflex\u00f5es e experi\u00eancias did\u00e1ticas com tecnologias digitais<\/h3>\n            <a class=\"arquivo-btn1\" href=\"https:\/\/sites.uvpr.pr.gov.br\/redes\/arquivo\/reflexoes-e-experiencias-didaticas-com-tecnologias-digitais\/\" target=\"_blank\" rel=\"noopener\">\n                Baixar arquivo\n            <\/a>\n        <\/div>\n\n        <div class=\"arquivo-sub\">\n                            <span class=\"sub-item\">Por: Diene Eire de Mello  \u2022  2024<\/span>\n                <span class=\"dot\">\u2022<\/span>\n                        <span class=\"sub-item\">2025<\/span>\n        <\/div>\n\n            <div id=\"tipoarquivo\" class=\"arquivo-chips\">\n                    <span class=\"chip1 tese-de-doutorado\">\n                Tese de Doutorado            <\/span>\n            <\/div>\n    <\/article>\n        <article class=\"arquivo-card1\">\n        <div class=\"arquivo-top\">\n            <h3 class=\"arquivo-titulo1\">Tecnologias e crian\u00e7a: um estudo bibliogr\u00e1fico<\/h3>\n            <a class=\"arquivo-btn1\" href=\"https:\/\/sites.uvpr.pr.gov.br\/redes\/arquivo\/tecnologias-e-crianca-um-estudo-bibliografico\/\" target=\"_blank\" rel=\"noopener\">\n                Baixar arquivo\n            <\/a>\n        <\/div>\n\n        <div class=\"arquivo-sub\">\n                            <span class=\"sub-item\">Por: Diene Eire de Mello  \u2022  2024<\/span>\n                <span class=\"dot\">\u2022<\/span>\n                        <span class=\"sub-item\">2025<\/span>\n        <\/div>\n\n            <div id=\"tipoarquivo\" class=\"arquivo-chips\">\n                    <span class=\"chip1 artigo-em-periodico\">\n                Artigo em Peri\u00f3dico            <\/span>\n            <\/div>\n    <\/article>\n        <article class=\"arquivo-card1\">\n        <div class=\"arquivo-top\">\n            <h3 class=\"arquivo-titulo1\">Pr\u00e1ticas tecnol\u00f3gicas direcionas as crian\u00e7as<\/h3>\n            <a class=\"arquivo-btn1\" href=\"https:\/\/sites.uvpr.pr.gov.br\/redes\/arquivo\/praticas-tecnologicas-direcionas-as-criancas\/\" target=\"_blank\" rel=\"noopener\">\n                Baixar arquivo\n            <\/a>\n        <\/div>\n\n        <div class=\"arquivo-sub\">\n                            <span class=\"sub-item\">Por: Ana Caroline Chepak de Souza Ferreira \u2022 2024<\/span>\n                <span class=\"dot\">\u2022<\/span>\n                        <span class=\"sub-item\">2025<\/span>\n        <\/div>\n\n            <div id=\"tipoarquivo\" class=\"arquivo-chips\">\n                    <span class=\"chip1 livro\">\n                Livro            <\/span>\n            <\/div>\n    <\/article>\n        <article class=\"arquivo-card1\">\n        <div class=\"arquivo-top\">\n            <h3 class=\"arquivo-titulo1\">Motiva\u00e7\u00e3o do professor para o uso de tecnologias digitais<\/h3>\n            <a class=\"arquivo-btn1\" href=\"https:\/\/sites.uvpr.pr.gov.br\/redes\/arquivo\/motivacao-do-professor-para-o-uso-de-tecnologias-digitais\/\" target=\"_blank\" rel=\"noopener\">\n                Baixar arquivo\n            <\/a>\n        <\/div>\n\n        <div class=\"arquivo-sub\">\n                            <span class=\"sub-item\">Por: Nat\u00e1lia Sotoriva Brust; Diene Eire de Mello; - 2024<\/span>\n                <span class=\"dot\">\u2022<\/span>\n                        <span class=\"sub-item\">2025<\/span>\n        <\/div>\n\n            <div id=\"tipoarquivo\" class=\"arquivo-chips\">\n                    <span class=\"chip1 producoes-em-eventos\">\n                Produ\u00e7\u00f5es em eventos            <\/span>\n            <\/div>\n    <\/article>\n        <\/div>\n\n    \n    <script>\n(function(){\n  const grid   = document.getElementById('arquivos-grid');\n  const btn    = document.getElementById('arquivos-more');\n  const search = document.getElementById('arquivos-search');\n  const filter = document.getElementById('arquivos-filter-btn');\n\n  const per    = parseInt(grid.dataset.per, 10) || 15;\n  const order  = grid.dataset.order || 'DESC';\n  const orderby= grid.dataset.orderby || 'date';\n  const tipo   = grid.dataset.tipo || '';\n\n  function setMoreState(hasMore){\n    if(!btn) return;\n    btn.style.display = hasMore ? '' : 'none';\n    btn.disabled = false;\n    btn.textContent = 'Veja mais';\n    if(hasMore){ btn.dataset.page = '2'; } \/\/ ap\u00f3s primeira p\u00e1gina renderizada\n  }\n\n  function carregar(page=1, append=true){\n    const data = new FormData();\n    data.append('action','arquivos_loadmore');\n    data.append('nonce','abbe94071d');\n    data.append('page', page);\n    data.append('per', per);\n    data.append('order', order);\n    data.append('orderby', orderby);\n    data.append('tipo', tipo);\n    data.append('search', (search?.value || '').trim());\n\n    if(btn && page>1){ btn.disabled = true; btn.textContent = 'Carregando...'; }\n\n    fetch('https:\/\/sites.uvpr.pr.gov.br\/redes\/wp-admin\/admin-ajax.php', { method:'POST', body:data })\n      .then(r => r.json())\n      .then(resp => {\n        if(resp.success && resp.data){\n          if(!append){ grid.innerHTML = ''; }\n          if(resp.data.html){ grid.insertAdjacentHTML('beforeend', resp.data.html); }\n          \/\/ controla o \"Veja mais\"\n          if(search && search.value.trim() !== ''){\n            setMoreState(false); \/\/ em busca: sem pagina\u00e7\u00e3o\n          }else{\n            setMoreState(!!resp.data.has_more);\n          }\n        }else{\n          if(btn){ btn.disabled = false; btn.textContent = 'Tentar novamente'; }\n        }\n      })\n      .catch(() => { if(btn){ btn.disabled = false; btn.textContent = 'Tentar novamente'; } });\n  }\n\n  \/\/ Bot\u00e3o \"Veja mais\"\n  if(btn){\n    btn.addEventListener('click', function(){\n      const page = parseInt(btn.dataset.page,10) || 1;\n      carregar(page, true);\n    });\n  }\n\n  \/\/ Bot\u00e3o \"Filtrar\"\n  if(filter){\n    filter.addEventListener('click', function(){\n      carregar(1, false); \/\/ reseta lista\n    });\n  }\n\n  \/\/ Enter no input tamb\u00e9m filtra\n  if(search){\n    search.addEventListener('keydown', function(e){\n      if(e.key === 'Enter'){ e.preventDefault(); carregar(1, false); }\n      \/\/ se apagar tudo e sair do campo, volta pagina\u00e7\u00e3o\n      if(e.key === 'Escape'){ search.value=''; carregar(1, false); }\n    });\n    search.addEventListener('blur', function(){\n      if(search.value.trim()===''){ carregar(1, false); }\n    });\n  }\n})();\n<\/script>\n    <\/div>\n\t\t\t\t\t\t<\/div>\n\t\t\t\t\t<\/div>\n\t\t<\/div>\n\t\t\t\t\t<\/div>\n\t\t<\/section>\n\t\t\t\t<\/div>\n\t\t","protected":false},"excerpt":{"rendered":"<p>Produ\u00e7\u00e3o Reposit\u00f3rio de artigos, livros e teses desenvolvidos por estudantes e pesquisadores das universidades estaduais do Paran\u00e1. Livros 0 Teses de Doutorado 0 Artigos em Peri\u00f3dicos 0 Produ\u00e7\u00f5es em eventos 0 Arquivos e Documentos Confira os arquivos, artigos e produ\u00e7\u00f5es desenvolvidas pelos alunos.<\/p>\n","protected":false},"author":1,"featured_media":0,"parent":0,"menu_order":3,"comment_status":"closed","ping_status":"closed","template":"","meta":{"_acf_changed":false,"footnotes":""},"class_list":["post-7","page","type-page","status-publish","hentry"],"acf":[],"yoast_head":"<!-- This site is optimized with the Yoast SEO plugin v27.1.1 - https:\/\/yoast.com\/product\/yoast-seo-wordpress\/ -->\n<title>Produ\u00e7\u00e3o - REDES - Rede Estadual Doc\u00eancia no Ensino Superior<\/title>\n<meta name=\"robots\" content=\"index, follow, max-snippet:-1, max-image-preview:large, max-video-preview:-1\" \/>\n<link rel=\"canonical\" href=\"https:\/\/sites.uvpr.pr.gov.br\/redes\/producao\/\" \/>\n<meta property=\"og:locale\" content=\"pt_BR\" \/>\n<meta property=\"og:type\" content=\"article\" \/>\n<meta property=\"og:title\" content=\"Produ\u00e7\u00e3o - REDES - Rede Estadual Doc\u00eancia no Ensino Superior\" \/>\n<meta property=\"og:description\" content=\"Produ\u00e7\u00e3o Reposit\u00f3rio de artigos, livros e teses desenvolvidos por estudantes e pesquisadores das universidades estaduais do Paran\u00e1. Livros 0 Teses de Doutorado 0 Artigos em Peri\u00f3dicos 0 Produ\u00e7\u00f5es em eventos 0 Arquivos e Documentos Confira os arquivos, artigos e produ\u00e7\u00f5es desenvolvidas pelos alunos.\" \/>\n<meta property=\"og:url\" content=\"https:\/\/sites.uvpr.pr.gov.br\/redes\/producao\/\" \/>\n<meta property=\"og:site_name\" content=\"REDES - Rede Estadual Doc\u00eancia no Ensino Superior\" \/>\n<meta property=\"article:modified_time\" content=\"2025-10-21T14:33:04+00:00\" \/>\n<meta property=\"og:image\" content=\"https:\/\/sites.uvpr.pr.gov.br\/redes\/wp-content\/uploads\/sites\/12\/2025\/10\/Group-1000002094.png\" \/>\n\t<meta property=\"og:image:width\" content=\"1029\" \/>\n\t<meta property=\"og:image:height\" content=\"656\" \/>\n\t<meta property=\"og:image:type\" content=\"image\/png\" \/>\n<meta name=\"twitter:card\" content=\"summary_large_image\" \/>\n<meta name=\"twitter:label1\" content=\"Est. tempo de leitura\" \/>\n\t<meta name=\"twitter:data1\" content=\"1 minuto\" \/>\n<script type=\"application\/ld+json\" class=\"yoast-schema-graph\">{\"@context\":\"https:\/\/schema.org\",\"@graph\":[{\"@type\":\"WebPage\",\"@id\":\"https:\/\/sites.uvpr.pr.gov.br\/redes\/producao\/\",\"url\":\"https:\/\/sites.uvpr.pr.gov.br\/redes\/producao\/\",\"name\":\"Produ\u00e7\u00e3o - REDES - Rede Estadual Doc\u00eancia no Ensino Superior\",\"isPartOf\":{\"@id\":\"https:\/\/sites.uvpr.pr.gov.br\/redes\/#website\"},\"primaryImageOfPage\":{\"@id\":\"https:\/\/sites.uvpr.pr.gov.br\/redes\/producao\/#primaryimage\"},\"image\":{\"@id\":\"https:\/\/sites.uvpr.pr.gov.br\/redes\/producao\/#primaryimage\"},\"thumbnailUrl\":\"https:\/\/sites.uvpr.pr.gov.br\/redes\/wp-content\/uploads\/sites\/12\/2025\/10\/Group-1000002094-1024x653.png\",\"datePublished\":\"2025-10-20T14:44:06+00:00\",\"dateModified\":\"2025-10-21T14:33:04+00:00\",\"breadcrumb\":{\"@id\":\"https:\/\/sites.uvpr.pr.gov.br\/redes\/producao\/#breadcrumb\"},\"inLanguage\":\"pt-BR\",\"potentialAction\":[{\"@type\":\"ReadAction\",\"target\":[\"https:\/\/sites.uvpr.pr.gov.br\/redes\/producao\/\"]}]},{\"@type\":\"ImageObject\",\"inLanguage\":\"pt-BR\",\"@id\":\"https:\/\/sites.uvpr.pr.gov.br\/redes\/producao\/#primaryimage\",\"url\":\"https:\/\/sites.uvpr.pr.gov.br\/redes\/wp-content\/uploads\/sites\/12\/2025\/10\/Group-1000002094.png\",\"contentUrl\":\"https:\/\/sites.uvpr.pr.gov.br\/redes\/wp-content\/uploads\/sites\/12\/2025\/10\/Group-1000002094.png\",\"width\":1029,\"height\":656},{\"@type\":\"BreadcrumbList\",\"@id\":\"https:\/\/sites.uvpr.pr.gov.br\/redes\/producao\/#breadcrumb\",\"itemListElement\":[{\"@type\":\"ListItem\",\"position\":1,\"name\":\"In\u00edcio\",\"item\":\"https:\/\/sites.uvpr.pr.gov.br\/redes\/\"},{\"@type\":\"ListItem\",\"position\":2,\"name\":\"Produ\u00e7\u00e3o\"}]},{\"@type\":\"WebSite\",\"@id\":\"https:\/\/sites.uvpr.pr.gov.br\/redes\/#website\",\"url\":\"https:\/\/sites.uvpr.pr.gov.br\/redes\/\",\"name\":\"REDES - Rede Estadual Doc\u00eancia no Ensino Superior\",\"description\":\"\",\"potentialAction\":[{\"@type\":\"SearchAction\",\"target\":{\"@type\":\"EntryPoint\",\"urlTemplate\":\"https:\/\/sites.uvpr.pr.gov.br\/redes\/?s={search_term_string}\"},\"query-input\":{\"@type\":\"PropertyValueSpecification\",\"valueRequired\":true,\"valueName\":\"search_term_string\"}}],\"inLanguage\":\"pt-BR\"}]}<\/script>\n<!-- \/ Yoast SEO plugin. -->","yoast_head_json":{"title":"Produ\u00e7\u00e3o - REDES - Rede Estadual Doc\u00eancia no Ensino Superior","robots":{"index":"index","follow":"follow","max-snippet":"max-snippet:-1","max-image-preview":"max-image-preview:large","max-video-preview":"max-video-preview:-1"},"canonical":"https:\/\/sites.uvpr.pr.gov.br\/redes\/producao\/","og_locale":"pt_BR","og_type":"article","og_title":"Produ\u00e7\u00e3o - REDES - Rede Estadual Doc\u00eancia no Ensino Superior","og_description":"Produ\u00e7\u00e3o Reposit\u00f3rio de artigos, livros e teses desenvolvidos por estudantes e pesquisadores das universidades estaduais do Paran\u00e1. Livros 0 Teses de Doutorado 0 Artigos em Peri\u00f3dicos 0 Produ\u00e7\u00f5es em eventos 0 Arquivos e Documentos Confira os arquivos, artigos e produ\u00e7\u00f5es desenvolvidas pelos alunos.","og_url":"https:\/\/sites.uvpr.pr.gov.br\/redes\/producao\/","og_site_name":"REDES - Rede Estadual Doc\u00eancia no Ensino Superior","article_modified_time":"2025-10-21T14:33:04+00:00","og_image":[{"width":1029,"height":656,"url":"https:\/\/sites.uvpr.pr.gov.br\/redes\/wp-content\/uploads\/sites\/12\/2025\/10\/Group-1000002094.png","type":"image\/png"}],"twitter_card":"summary_large_image","twitter_misc":{"Est. tempo de leitura":"1 minuto"},"schema":{"@context":"https:\/\/schema.org","@graph":[{"@type":"WebPage","@id":"https:\/\/sites.uvpr.pr.gov.br\/redes\/producao\/","url":"https:\/\/sites.uvpr.pr.gov.br\/redes\/producao\/","name":"Produ\u00e7\u00e3o - REDES - Rede Estadual Doc\u00eancia no Ensino Superior","isPartOf":{"@id":"https:\/\/sites.uvpr.pr.gov.br\/redes\/#website"},"primaryImageOfPage":{"@id":"https:\/\/sites.uvpr.pr.gov.br\/redes\/producao\/#primaryimage"},"image":{"@id":"https:\/\/sites.uvpr.pr.gov.br\/redes\/producao\/#primaryimage"},"thumbnailUrl":"https:\/\/sites.uvpr.pr.gov.br\/redes\/wp-content\/uploads\/sites\/12\/2025\/10\/Group-1000002094-1024x653.png","datePublished":"2025-10-20T14:44:06+00:00","dateModified":"2025-10-21T14:33:04+00:00","breadcrumb":{"@id":"https:\/\/sites.uvpr.pr.gov.br\/redes\/producao\/#breadcrumb"},"inLanguage":"pt-BR","potentialAction":[{"@type":"ReadAction","target":["https:\/\/sites.uvpr.pr.gov.br\/redes\/producao\/"]}]},{"@type":"ImageObject","inLanguage":"pt-BR","@id":"https:\/\/sites.uvpr.pr.gov.br\/redes\/producao\/#primaryimage","url":"https:\/\/sites.uvpr.pr.gov.br\/redes\/wp-content\/uploads\/sites\/12\/2025\/10\/Group-1000002094.png","contentUrl":"https:\/\/sites.uvpr.pr.gov.br\/redes\/wp-content\/uploads\/sites\/12\/2025\/10\/Group-1000002094.png","width":1029,"height":656},{"@type":"BreadcrumbList","@id":"https:\/\/sites.uvpr.pr.gov.br\/redes\/producao\/#breadcrumb","itemListElement":[{"@type":"ListItem","position":1,"name":"In\u00edcio","item":"https:\/\/sites.uvpr.pr.gov.br\/redes\/"},{"@type":"ListItem","position":2,"name":"Produ\u00e7\u00e3o"}]},{"@type":"WebSite","@id":"https:\/\/sites.uvpr.pr.gov.br\/redes\/#website","url":"https:\/\/sites.uvpr.pr.gov.br\/redes\/","name":"REDES - Rede Estadual Doc\u00eancia no Ensino Superior","description":"","potentialAction":[{"@type":"SearchAction","target":{"@type":"EntryPoint","urlTemplate":"https:\/\/sites.uvpr.pr.gov.br\/redes\/?s={search_term_string}"},"query-input":{"@type":"PropertyValueSpecification","valueRequired":true,"valueName":"search_term_string"}}],"inLanguage":"pt-BR"}]}},"_links":{"self":[{"href":"https:\/\/sites.uvpr.pr.gov.br\/redes\/wp-json\/wp\/v2\/pages\/7","targetHints":{"allow":["GET"]}}],"collection":[{"href":"https:\/\/sites.uvpr.pr.gov.br\/redes\/wp-json\/wp\/v2\/pages"}],"about":[{"href":"https:\/\/sites.uvpr.pr.gov.br\/redes\/wp-json\/wp\/v2\/types\/page"}],"author":[{"embeddable":true,"href":"https:\/\/sites.uvpr.pr.gov.br\/redes\/wp-json\/wp\/v2\/users\/1"}],"replies":[{"embeddable":true,"href":"https:\/\/sites.uvpr.pr.gov.br\/redes\/wp-json\/wp\/v2\/comments?post=7"}],"version-history":[{"count":21,"href":"https:\/\/sites.uvpr.pr.gov.br\/redes\/wp-json\/wp\/v2\/pages\/7\/revisions"}],"predecessor-version":[{"id":16243,"href":"https:\/\/sites.uvpr.pr.gov.br\/redes\/wp-json\/wp\/v2\/pages\/7\/revisions\/16243"}],"wp:attachment":[{"href":"https:\/\/sites.uvpr.pr.gov.br\/redes\/wp-json\/wp\/v2\/media?parent=7"}],"curies":[{"name":"wp","href":"https:\/\/api.w.org\/{rel}","templated":true}]}}