{"id":9,"date":"2025-10-20T11:44:21","date_gmt":"2025-10-20T14:44:21","guid":{"rendered":"https:\/\/sites.uvpr.pr.gov.br\/redes\/?page_id=9"},"modified":"2026-02-20T11:03:14","modified_gmt":"2026-02-20T14:03:14","slug":"galeria-de-fotos","status":"publish","type":"page","link":"https:\/\/sites.uvpr.pr.gov.br\/redes\/galeria-de-fotos\/","title":{"rendered":"Galeria de Fotos"},"content":{"rendered":"\t\t<div data-elementor-type=\"wp-page\" data-elementor-id=\"9\" class=\"elementor elementor-9\" data-elementor-post-type=\"page\">\n\t\t\t\t\t\t<section class=\"elementor-section elementor-top-section elementor-element elementor-element-9d0817c elementor-reverse-mobile elementor-section-boxed elementor-section-height-default elementor-section-height-default\" data-id=\"9d0817c\" data-element_type=\"section\" data-e-type=\"section\" data-settings=\"{&quot;background_background&quot;:&quot;classic&quot;}\">\n\t\t\t\t\t\t\t<div class=\"elementor-background-overlay\"><\/div>\n\t\t\t\t\t\t\t<div class=\"elementor-container elementor-column-gap-no\">\n\t\t\t\t\t<div class=\"elementor-column elementor-col-50 elementor-top-column elementor-element elementor-element-52cd32d\" data-id=\"52cd32d\" data-element_type=\"column\" data-e-type=\"column\">\n\t\t\t<div class=\"elementor-widget-wrap elementor-element-populated\">\n\t\t\t\t\t\t<div class=\"elementor-element elementor-element-361db1f elementor-widget elementor-widget-heading\" data-id=\"361db1f\" data-element_type=\"widget\" data-e-type=\"widget\" data-widget_type=\"heading.default\">\n\t\t\t\t\t<h2 class=\"elementor-heading-title elementor-size-default\">Galeria<\/h2>\t\t\t\t<\/div>\n\t\t\t\t<div class=\"elementor-element elementor-element-4fa7ac5 elementor-widget elementor-widget-text-editor\" data-id=\"4fa7ac5\" data-element_type=\"widget\" data-e-type=\"widget\" data-widget_type=\"text-editor.default\">\n\t\t\t\t\t\t\t\t\t<p>Momentos que marcaram nossas universidades. Confira registros de eventos, encontros e atividades acad\u00eamicas<\/p>\t\t\t\t\t\t\t\t<\/div>\n\t\t\t\t\t<\/div>\n\t\t<\/div>\n\t\t\t\t<div class=\"elementor-column elementor-col-50 elementor-top-column elementor-element elementor-element-7ee5e00\" data-id=\"7ee5e00\" data-element_type=\"column\" data-e-type=\"column\">\n\t\t\t<div class=\"elementor-widget-wrap elementor-element-populated\">\n\t\t\t\t\t\t<div class=\"elementor-element elementor-element-a4ef4d2 elementor-hidden-desktop elementor-hidden-laptop elementor-widget elementor-widget-image\" data-id=\"a4ef4d2\" data-element_type=\"widget\" data-e-type=\"widget\" data-widget_type=\"image.default\">\n\t\t\t\t\t\t\t\t\t\t\t\t\t\t\t<img fetchpriority=\"high\" decoding=\"async\" width=\"1024\" height=\"644\" src=\"https:\/\/sites.uvpr.pr.gov.br\/redes\/wp-content\/uploads\/sites\/12\/2025\/10\/image-68-1024x644.png\" class=\"attachment-large size-large wp-image-16051\" alt=\"\" srcset=\"https:\/\/sites.uvpr.pr.gov.br\/redes\/wp-content\/uploads\/sites\/12\/2025\/10\/image-68-1024x644.png 1024w, https:\/\/sites.uvpr.pr.gov.br\/redes\/wp-content\/uploads\/sites\/12\/2025\/10\/image-68-768x483.png 768w, https:\/\/sites.uvpr.pr.gov.br\/redes\/wp-content\/uploads\/sites\/12\/2025\/10\/image-68.png 1043w\" sizes=\"(max-width: 1024px) 100vw, 1024px\" \/>\t\t\t\t\t\t\t\t\t\t\t\t\t\t\t<\/div>\n\t\t\t\t\t<\/div>\n\t\t<\/div>\n\t\t\t\t\t<\/div>\n\t\t<\/section>\n\t\t\t\t<section class=\"elementor-section elementor-top-section elementor-element elementor-element-cea55ba elementor-section-boxed elementor-section-height-default elementor-section-height-default\" data-id=\"cea55ba\" data-element_type=\"section\" data-e-type=\"section\" data-settings=\"{&quot;background_background&quot;:&quot;classic&quot;}\">\n\t\t\t\t\t\t<div class=\"elementor-container elementor-column-gap-default\">\n\t\t\t\t\t<div class=\"elementor-column elementor-col-100 elementor-top-column elementor-element elementor-element-833e173\" data-id=\"833e173\" data-element_type=\"column\" data-e-type=\"column\">\n\t\t\t<div class=\"elementor-widget-wrap elementor-element-populated\">\n\t\t\t\t\t\t<div class=\"elementor-element elementor-element-341458f elementor-widget elementor-widget-shortcode\" data-id=\"341458f\" data-element_type=\"widget\" data-e-type=\"widget\" data-widget_type=\"shortcode.default\">\n\t\t\t\t\t\t\t<div class=\"elementor-shortcode\"><div class=\"gal-grid\">    <article class=\"gal-card\">\n        <a class=\"gal-card-media\" href=\"https:\/\/sites.uvpr.pr.gov.br\/redes\/galeria\/reuniao-da-redes-na-seti-com-representantes-das-iees\/\">\n            <img loading=\"lazy\" decoding=\"async\" width=\"1024\" height=\"768\" src=\"https:\/\/sites.uvpr.pr.gov.br\/redes\/wp-content\/uploads\/sites\/12\/2025\/10\/WhatsApp-Image-2025-10-21-at-14.58.19-1024x768.jpeg\" class=\"gal-card-img wp-post-image\" alt=\"Reuni\u00e3o da REDES na SETI com representantes das IEES\" loading=\"lazy\" srcset=\"https:\/\/sites.uvpr.pr.gov.br\/redes\/wp-content\/uploads\/sites\/12\/2025\/10\/WhatsApp-Image-2025-10-21-at-14.58.19-1024x768.jpeg 1024w, https:\/\/sites.uvpr.pr.gov.br\/redes\/wp-content\/uploads\/sites\/12\/2025\/10\/WhatsApp-Image-2025-10-21-at-14.58.19-768x576.jpeg 768w, https:\/\/sites.uvpr.pr.gov.br\/redes\/wp-content\/uploads\/sites\/12\/2025\/10\/WhatsApp-Image-2025-10-21-at-14.58.19.jpeg 1280w\" sizes=\"auto, (max-width: 1024px) 100vw, 1024px\" \/>        <\/a>\n\n        <h3 class=\"gal-card-title\">\n            <a href=\"https:\/\/sites.uvpr.pr.gov.br\/redes\/galeria\/reuniao-da-redes-na-seti-com-representantes-das-iees\/\">Reuni\u00e3o da REDES na SETI com representantes das IEES<\/a>\n        <\/h3>\n\n        <a class=\"gal-card-cta\" href=\"https:\/\/sites.uvpr.pr.gov.br\/redes\/galeria\/reuniao-da-redes-na-seti-com-representantes-das-iees\/\">\n            Veja mais fotos\n            <svg width=\"12\" height=\"12\" viewBox=\"0 0 20 20\" aria-hidden=\"true\"><path fill=\"currentColor\" d=\"M11.026 5.232a1 1 0 0 1 1.409.128l3.333 4a1 1 0 0 1-1.536 1.28l-3.334-4a1 1 0 0 1 .128-1.408m0 9.536a1 1 0 0 1-.128-1.408l3.334-4a1 1 0 1 1 1.536 1.28l-3.333 4a1 1 0 0 1-1.409.128M14 10a1 1 0 0 1-1 1H5a1 1 0 1 1 0-2h8a1 1 0 0 1 1 1\"\/><\/svg>\n        <\/a>\n    <\/article>\n        <article class=\"gal-card\">\n        <a class=\"gal-card-media\" href=\"https:\/\/sites.uvpr.pr.gov.br\/redes\/galeria\/1a-conferencia-da-redes\/\">\n            <img loading=\"lazy\" decoding=\"async\" width=\"1024\" height=\"683\" src=\"https:\/\/sites.uvpr.pr.gov.br\/redes\/wp-content\/uploads\/sites\/12\/2025\/10\/Nos-1024x683.jpg\" class=\"gal-card-img wp-post-image\" alt=\"1\u00aa Confer\u00eancia da REDES\" loading=\"lazy\" srcset=\"https:\/\/sites.uvpr.pr.gov.br\/redes\/wp-content\/uploads\/sites\/12\/2025\/10\/Nos-1024x683.jpg 1024w, https:\/\/sites.uvpr.pr.gov.br\/redes\/wp-content\/uploads\/sites\/12\/2025\/10\/Nos-768x512.jpg 768w, https:\/\/sites.uvpr.pr.gov.br\/redes\/wp-content\/uploads\/sites\/12\/2025\/10\/Nos-1536x1024.jpg 1536w, https:\/\/sites.uvpr.pr.gov.br\/redes\/wp-content\/uploads\/sites\/12\/2025\/10\/Nos-2048x1365.jpg 2048w\" sizes=\"auto, (max-width: 1024px) 100vw, 1024px\" \/>        <\/a>\n\n        <h3 class=\"gal-card-title\">\n            <a href=\"https:\/\/sites.uvpr.pr.gov.br\/redes\/galeria\/1a-conferencia-da-redes\/\">1\u00aa Confer\u00eancia da REDES<\/a>\n        <\/h3>\n\n        <a class=\"gal-card-cta\" href=\"https:\/\/sites.uvpr.pr.gov.br\/redes\/galeria\/1a-conferencia-da-redes\/\">\n            Veja mais fotos\n            <svg width=\"12\" height=\"12\" viewBox=\"0 0 20 20\" aria-hidden=\"true\"><path fill=\"currentColor\" d=\"M11.026 5.232a1 1 0 0 1 1.409.128l3.333 4a1 1 0 0 1-1.536 1.28l-3.334-4a1 1 0 0 1 .128-1.408m0 9.536a1 1 0 0 1-.128-1.408l3.334-4a1 1 0 1 1 1.536 1.28l-3.333 4a1 1 0 0 1-1.409.128M14 10a1 1 0 0 1-1 1H5a1 1 0 1 1 0-2h8a1 1 0 0 1 1 1\"\/><\/svg>\n        <\/a>\n    <\/article>\n    <\/div><\/div>\n\t\t\t\t\t\t<\/div>\n\t\t\t\t\t<\/div>\n\t\t<\/div>\n\t\t\t\t\t<\/div>\n\t\t<\/section>\n\t\t\t\t<section class=\"elementor-section elementor-top-section elementor-element elementor-element-11b17b0 elementor-section-boxed elementor-section-height-default elementor-section-height-default\" data-id=\"11b17b0\" data-element_type=\"section\" data-e-type=\"section\">\n\t\t\t\t\t\t<div class=\"elementor-container elementor-column-gap-default\">\n\t\t\t\t\t<div class=\"elementor-column elementor-col-100 elementor-top-column elementor-element elementor-element-b620b5c\" data-id=\"b620b5c\" data-element_type=\"column\" data-e-type=\"column\">\n\t\t\t<div class=\"elementor-widget-wrap elementor-element-populated\">\n\t\t\t\t\t\t<div class=\"elementor-element elementor-element-1895012 elementor-widget elementor-widget-heading\" data-id=\"1895012\" data-element_type=\"widget\" data-e-type=\"widget\" data-widget_type=\"heading.default\">\n\t\t\t\t\t<h2 class=\"elementor-heading-title elementor-size-default\">Projeto Integra\u00e7\u00e3o: conhecendo a Unicentro, projeto que faz parte do NUFAP\/Entredocentes da Unicentro. Dia 11\/02\/26, Oficina da PROEN - Pr\u00f3-retoria de Ensino<\/h2>\t\t\t\t<\/div>\n\t\t\t\t<div class=\"elementor-element elementor-element-5a2e19f elementor-widget elementor-widget-gallery\" data-id=\"5a2e19f\" data-element_type=\"widget\" data-e-type=\"widget\" data-settings=\"{&quot;lazyload&quot;:&quot;yes&quot;,&quot;gallery_layout&quot;:&quot;grid&quot;,&quot;columns&quot;:4,&quot;columns_tablet&quot;:2,&quot;columns_mobile&quot;:1,&quot;gap&quot;:{&quot;unit&quot;:&quot;px&quot;,&quot;size&quot;:10,&quot;sizes&quot;:[]},&quot;gap_laptop&quot;:{&quot;unit&quot;:&quot;px&quot;,&quot;size&quot;:10,&quot;sizes&quot;:[]},&quot;gap_tablet&quot;:{&quot;unit&quot;:&quot;px&quot;,&quot;size&quot;:10,&quot;sizes&quot;:[]},&quot;gap_mobile&quot;:{&quot;unit&quot;:&quot;px&quot;,&quot;size&quot;:10,&quot;sizes&quot;:[]},&quot;link_to&quot;:&quot;file&quot;,&quot;aspect_ratio&quot;:&quot;3:2&quot;,&quot;overlay_background&quot;:&quot;yes&quot;,&quot;content_hover_animation&quot;:&quot;fade-in&quot;}\" data-widget_type=\"gallery.default\">\n\t\t\t\t\t\t\t<div class=\"elementor-gallery__container\">\n\t\t\t\t\t\t\t<a class=\"e-gallery-item elementor-gallery-item elementor-animated-content\" href=\"https:\/\/sites.uvpr.pr.gov.br\/redes\/wp-content\/uploads\/sites\/12\/2026\/02\/WhatsApp-Image-2026-02-12-at-18.27.07.jpeg\" data-elementor-open-lightbox=\"yes\" data-elementor-lightbox-slideshow=\"5a2e19f\" data-elementor-lightbox-title=\"WhatsApp Image 2026-02-12 at 18.27.07\" data-e-action-hash=\"#elementor-action%3Aaction%3Dlightbox%26settings%3DeyJpZCI6MTY0NzQsInVybCI6Imh0dHBzOlwvXC9zaXRlcy51dnByLnByLmdvdi5iclwvcmVkZXNcL3dwLWNvbnRlbnRcL3VwbG9hZHNcL3NpdGVzXC8xMlwvMjAyNlwvMDJcL1doYXRzQXBwLUltYWdlLTIwMjYtMDItMTItYXQtMTguMjcuMDcuanBlZyIsInNsaWRlc2hvdyI6IjVhMmUxOWYifQ%3D%3D\">\n\t\t\t\t\t<div class=\"e-gallery-image elementor-gallery-item__image\" data-thumbnail=\"https:\/\/sites.uvpr.pr.gov.br\/redes\/wp-content\/uploads\/sites\/12\/2026\/02\/WhatsApp-Image-2026-02-12-at-18.27.07-550x290.jpeg\" data-width=\"550\" data-height=\"290\" aria-label=\"\" role=\"img\" ><\/div>\n\t\t\t\t\t\t\t\t\t\t\t<div class=\"elementor-gallery-item__overlay\"><\/div>\n\t\t\t\t\t\t\t\t\t\t\t\t\t\t<\/a>\n\t\t\t\t\t\t\t<a class=\"e-gallery-item elementor-gallery-item elementor-animated-content\" href=\"https:\/\/sites.uvpr.pr.gov.br\/redes\/wp-content\/uploads\/sites\/12\/2026\/02\/WhatsApp-Image-2026-02-12-at-18.27.06-4.jpeg\" data-elementor-open-lightbox=\"yes\" data-elementor-lightbox-slideshow=\"5a2e19f\" data-elementor-lightbox-title=\"WhatsApp Image 2026-02-12 at 18.27.06 (4)\" data-e-action-hash=\"#elementor-action%3Aaction%3Dlightbox%26settings%3DeyJpZCI6MTY0NzUsInVybCI6Imh0dHBzOlwvXC9zaXRlcy51dnByLnByLmdvdi5iclwvcmVkZXNcL3dwLWNvbnRlbnRcL3VwbG9hZHNcL3NpdGVzXC8xMlwvMjAyNlwvMDJcL1doYXRzQXBwLUltYWdlLTIwMjYtMDItMTItYXQtMTguMjcuMDYtNC5qcGVnIiwic2xpZGVzaG93IjoiNWEyZTE5ZiJ9\">\n\t\t\t\t\t<div class=\"e-gallery-image elementor-gallery-item__image\" data-thumbnail=\"https:\/\/sites.uvpr.pr.gov.br\/redes\/wp-content\/uploads\/sites\/12\/2026\/02\/WhatsApp-Image-2026-02-12-at-18.27.06-4-550x290.jpeg\" data-width=\"550\" data-height=\"290\" aria-label=\"\" role=\"img\" ><\/div>\n\t\t\t\t\t\t\t\t\t\t\t<div class=\"elementor-gallery-item__overlay\"><\/div>\n\t\t\t\t\t\t\t\t\t\t\t\t\t\t<\/a>\n\t\t\t\t\t\t\t<a class=\"e-gallery-item elementor-gallery-item elementor-animated-content\" href=\"https:\/\/sites.uvpr.pr.gov.br\/redes\/wp-content\/uploads\/sites\/12\/2026\/02\/WhatsApp-Image-2026-02-12-at-18.27.06-3.jpeg\" data-elementor-open-lightbox=\"yes\" data-elementor-lightbox-slideshow=\"5a2e19f\" data-elementor-lightbox-title=\"WhatsApp Image 2026-02-12 at 18.27.06 (3)\" data-e-action-hash=\"#elementor-action%3Aaction%3Dlightbox%26settings%3DeyJpZCI6MTY0NzYsInVybCI6Imh0dHBzOlwvXC9zaXRlcy51dnByLnByLmdvdi5iclwvcmVkZXNcL3dwLWNvbnRlbnRcL3VwbG9hZHNcL3NpdGVzXC8xMlwvMjAyNlwvMDJcL1doYXRzQXBwLUltYWdlLTIwMjYtMDItMTItYXQtMTguMjcuMDYtMy5qcGVnIiwic2xpZGVzaG93IjoiNWEyZTE5ZiJ9\">\n\t\t\t\t\t<div class=\"e-gallery-image elementor-gallery-item__image\" data-thumbnail=\"https:\/\/sites.uvpr.pr.gov.br\/redes\/wp-content\/uploads\/sites\/12\/2026\/02\/WhatsApp-Image-2026-02-12-at-18.27.06-3-550x290.jpeg\" data-width=\"550\" data-height=\"290\" aria-label=\"\" role=\"img\" ><\/div>\n\t\t\t\t\t\t\t\t\t\t\t<div class=\"elementor-gallery-item__overlay\"><\/div>\n\t\t\t\t\t\t\t\t\t\t\t\t\t\t<\/a>\n\t\t\t\t\t\t\t<a class=\"e-gallery-item elementor-gallery-item elementor-animated-content\" href=\"https:\/\/sites.uvpr.pr.gov.br\/redes\/wp-content\/uploads\/sites\/12\/2026\/02\/WhatsApp-Image-2026-02-12-at-18.27.06-2.jpeg\" data-elementor-open-lightbox=\"yes\" data-elementor-lightbox-slideshow=\"5a2e19f\" data-elementor-lightbox-title=\"WhatsApp Image 2026-02-12 at 18.27.06 (2)\" data-e-action-hash=\"#elementor-action%3Aaction%3Dlightbox%26settings%3DeyJpZCI6MTY0NzcsInVybCI6Imh0dHBzOlwvXC9zaXRlcy51dnByLnByLmdvdi5iclwvcmVkZXNcL3dwLWNvbnRlbnRcL3VwbG9hZHNcL3NpdGVzXC8xMlwvMjAyNlwvMDJcL1doYXRzQXBwLUltYWdlLTIwMjYtMDItMTItYXQtMTguMjcuMDYtMi5qcGVnIiwic2xpZGVzaG93IjoiNWEyZTE5ZiJ9\">\n\t\t\t\t\t<div class=\"e-gallery-image elementor-gallery-item__image\" data-thumbnail=\"https:\/\/sites.uvpr.pr.gov.br\/redes\/wp-content\/uploads\/sites\/12\/2026\/02\/WhatsApp-Image-2026-02-12-at-18.27.06-2-550x290.jpeg\" data-width=\"550\" data-height=\"290\" aria-label=\"\" role=\"img\" ><\/div>\n\t\t\t\t\t\t\t\t\t\t\t<div class=\"elementor-gallery-item__overlay\"><\/div>\n\t\t\t\t\t\t\t\t\t\t\t\t\t\t<\/a>\n\t\t\t\t\t\t\t<a class=\"e-gallery-item elementor-gallery-item elementor-animated-content\" href=\"https:\/\/sites.uvpr.pr.gov.br\/redes\/wp-content\/uploads\/sites\/12\/2026\/02\/WhatsApp-Image-2026-02-12-at-18.27.06-1.jpeg\" data-elementor-open-lightbox=\"yes\" data-elementor-lightbox-slideshow=\"5a2e19f\" data-elementor-lightbox-title=\"WhatsApp Image 2026-02-12 at 18.27.06 (1)\" data-e-action-hash=\"#elementor-action%3Aaction%3Dlightbox%26settings%3DeyJpZCI6MTY0NzgsInVybCI6Imh0dHBzOlwvXC9zaXRlcy51dnByLnByLmdvdi5iclwvcmVkZXNcL3dwLWNvbnRlbnRcL3VwbG9hZHNcL3NpdGVzXC8xMlwvMjAyNlwvMDJcL1doYXRzQXBwLUltYWdlLTIwMjYtMDItMTItYXQtMTguMjcuMDYtMS5qcGVnIiwic2xpZGVzaG93IjoiNWEyZTE5ZiJ9\">\n\t\t\t\t\t<div class=\"e-gallery-image elementor-gallery-item__image\" data-thumbnail=\"https:\/\/sites.uvpr.pr.gov.br\/redes\/wp-content\/uploads\/sites\/12\/2026\/02\/WhatsApp-Image-2026-02-12-at-18.27.06-1-550x290.jpeg\" data-width=\"550\" data-height=\"290\" aria-label=\"\" role=\"img\" ><\/div>\n\t\t\t\t\t\t\t\t\t\t\t<div class=\"elementor-gallery-item__overlay\"><\/div>\n\t\t\t\t\t\t\t\t\t\t\t\t\t\t<\/a>\n\t\t\t\t\t\t\t<a class=\"e-gallery-item elementor-gallery-item elementor-animated-content\" href=\"https:\/\/sites.uvpr.pr.gov.br\/redes\/wp-content\/uploads\/sites\/12\/2026\/02\/WhatsApp-Image-2026-02-12-at-18.27.06.jpeg\" data-elementor-open-lightbox=\"yes\" data-elementor-lightbox-slideshow=\"5a2e19f\" data-elementor-lightbox-title=\"WhatsApp Image 2026-02-12 at 18.27.06\" data-e-action-hash=\"#elementor-action%3Aaction%3Dlightbox%26settings%3DeyJpZCI6MTY0NzksInVybCI6Imh0dHBzOlwvXC9zaXRlcy51dnByLnByLmdvdi5iclwvcmVkZXNcL3dwLWNvbnRlbnRcL3VwbG9hZHNcL3NpdGVzXC8xMlwvMjAyNlwvMDJcL1doYXRzQXBwLUltYWdlLTIwMjYtMDItMTItYXQtMTguMjcuMDYuanBlZyIsInNsaWRlc2hvdyI6IjVhMmUxOWYifQ%3D%3D\">\n\t\t\t\t\t<div class=\"e-gallery-image elementor-gallery-item__image\" data-thumbnail=\"https:\/\/sites.uvpr.pr.gov.br\/redes\/wp-content\/uploads\/sites\/12\/2026\/02\/WhatsApp-Image-2026-02-12-at-18.27.06-550x290.jpeg\" data-width=\"550\" data-height=\"290\" aria-label=\"\" role=\"img\" ><\/div>\n\t\t\t\t\t\t\t\t\t\t\t<div class=\"elementor-gallery-item__overlay\"><\/div>\n\t\t\t\t\t\t\t\t\t\t\t\t\t\t<\/a>\n\t\t\t\t\t<\/div>\n\t\t\t\t\t<\/div>\n\t\t\t\t<div class=\"elementor-element elementor-element-e4e8fd9 elementor-widget elementor-widget-text-editor\" data-id=\"e4e8fd9\" data-element_type=\"widget\" data-e-type=\"widget\" data-widget_type=\"text-editor.default\">\n\t\t\t\t\t\t\t\t\t<p>Na primeira foto, profas. Rita de C\u00e1ssia Fonseca e Maria Paula Costa, coordenadora e vice do NUFAP.<\/p>\t\t\t\t\t\t\t\t<\/div>\n\t\t\t\t\t<\/div>\n\t\t<\/div>\n\t\t\t\t\t<\/div>\n\t\t<\/section>\n\t\t\t\t<\/div>\n\t\t","protected":false},"excerpt":{"rendered":"<p>Galeria Momentos que marcaram nossas universidades. Confira registros de eventos, encontros e atividades acad\u00eamicas Projeto Integra\u00e7\u00e3o: conhecendo a Unicentro, projeto que faz parte do NUFAP\/Entredocentes da Unicentro. Dia 11\/02\/26, Oficina da PROEN &#8211; Pr\u00f3-retoria de Ensino Na primeira foto, profas. Rita de C\u00e1ssia Fonseca e Maria Paula Costa, coordenadora e vice do NUFAP.<\/p>\n","protected":false},"author":1,"featured_media":0,"parent":0,"menu_order":5,"comment_status":"closed","ping_status":"closed","template":"","meta":{"_acf_changed":false,"footnotes":""},"class_list":["post-9","page","type-page","status-publish","hentry"],"acf":[],"yoast_head":"<!-- This site is optimized with the Yoast SEO plugin v27.1.1 - https:\/\/yoast.com\/product\/yoast-seo-wordpress\/ -->\n<title>Galeria de Fotos - REDES - Rede Estadual Doc\u00eancia no Ensino Superior<\/title>\n<meta name=\"robots\" content=\"index, follow, max-snippet:-1, max-image-preview:large, max-video-preview:-1\" \/>\n<link rel=\"canonical\" href=\"https:\/\/sites.uvpr.pr.gov.br\/redes\/galeria-de-fotos\/\" \/>\n<meta property=\"og:locale\" content=\"pt_BR\" \/>\n<meta property=\"og:type\" content=\"article\" \/>\n<meta property=\"og:title\" content=\"Galeria de Fotos - REDES - Rede Estadual Doc\u00eancia no Ensino Superior\" \/>\n<meta property=\"og:description\" content=\"Galeria Momentos que marcaram nossas universidades. Confira registros de eventos, encontros e atividades acad\u00eamicas Projeto Integra\u00e7\u00e3o: conhecendo a Unicentro, projeto que faz parte do NUFAP\/Entredocentes da Unicentro. Dia 11\/02\/26, Oficina da PROEN &#8211; Pr\u00f3-retoria de Ensino Na primeira foto, profas. Rita de C\u00e1ssia Fonseca e Maria Paula Costa, coordenadora e vice do NUFAP.\" \/>\n<meta property=\"og:url\" content=\"https:\/\/sites.uvpr.pr.gov.br\/redes\/galeria-de-fotos\/\" \/>\n<meta property=\"og:site_name\" content=\"REDES - Rede Estadual Doc\u00eancia no Ensino Superior\" \/>\n<meta property=\"article:modified_time\" content=\"2026-02-20T14:03:14+00:00\" \/>\n<meta property=\"og:image\" content=\"https:\/\/sites.uvpr.pr.gov.br\/redes\/wp-content\/uploads\/sites\/12\/2025\/10\/image-68.png\" \/>\n\t<meta property=\"og:image:width\" content=\"1043\" \/>\n\t<meta property=\"og:image:height\" content=\"656\" \/>\n\t<meta property=\"og:image:type\" content=\"image\/png\" \/>\n<meta name=\"twitter:card\" content=\"summary_large_image\" \/>\n<meta name=\"twitter:label1\" content=\"Est. tempo de leitura\" \/>\n\t<meta name=\"twitter:data1\" content=\"1 minuto\" \/>\n<script type=\"application\/ld+json\" class=\"yoast-schema-graph\">{\"@context\":\"https:\/\/schema.org\",\"@graph\":[{\"@type\":\"WebPage\",\"@id\":\"https:\/\/sites.uvpr.pr.gov.br\/redes\/galeria-de-fotos\/\",\"url\":\"https:\/\/sites.uvpr.pr.gov.br\/redes\/galeria-de-fotos\/\",\"name\":\"Galeria de Fotos - REDES - Rede Estadual Doc\u00eancia no Ensino Superior\",\"isPartOf\":{\"@id\":\"https:\/\/sites.uvpr.pr.gov.br\/redes\/#website\"},\"primaryImageOfPage\":{\"@id\":\"https:\/\/sites.uvpr.pr.gov.br\/redes\/galeria-de-fotos\/#primaryimage\"},\"image\":{\"@id\":\"https:\/\/sites.uvpr.pr.gov.br\/redes\/galeria-de-fotos\/#primaryimage\"},\"thumbnailUrl\":\"https:\/\/sites.uvpr.pr.gov.br\/redes\/wp-content\/uploads\/sites\/12\/2025\/10\/image-68-1024x644.png\",\"datePublished\":\"2025-10-20T14:44:21+00:00\",\"dateModified\":\"2026-02-20T14:03:14+00:00\",\"breadcrumb\":{\"@id\":\"https:\/\/sites.uvpr.pr.gov.br\/redes\/galeria-de-fotos\/#breadcrumb\"},\"inLanguage\":\"pt-BR\",\"potentialAction\":[{\"@type\":\"ReadAction\",\"target\":[\"https:\/\/sites.uvpr.pr.gov.br\/redes\/galeria-de-fotos\/\"]}]},{\"@type\":\"ImageObject\",\"inLanguage\":\"pt-BR\",\"@id\":\"https:\/\/sites.uvpr.pr.gov.br\/redes\/galeria-de-fotos\/#primaryimage\",\"url\":\"https:\/\/sites.uvpr.pr.gov.br\/redes\/wp-content\/uploads\/sites\/12\/2025\/10\/image-68.png\",\"contentUrl\":\"https:\/\/sites.uvpr.pr.gov.br\/redes\/wp-content\/uploads\/sites\/12\/2025\/10\/image-68.png\",\"width\":1043,\"height\":656},{\"@type\":\"BreadcrumbList\",\"@id\":\"https:\/\/sites.uvpr.pr.gov.br\/redes\/galeria-de-fotos\/#breadcrumb\",\"itemListElement\":[{\"@type\":\"ListItem\",\"position\":1,\"name\":\"In\u00edcio\",\"item\":\"https:\/\/sites.uvpr.pr.gov.br\/redes\/\"},{\"@type\":\"ListItem\",\"position\":2,\"name\":\"Galeria de Fotos\"}]},{\"@type\":\"WebSite\",\"@id\":\"https:\/\/sites.uvpr.pr.gov.br\/redes\/#website\",\"url\":\"https:\/\/sites.uvpr.pr.gov.br\/redes\/\",\"name\":\"REDES - Rede Estadual Doc\u00eancia no Ensino Superior\",\"description\":\"\",\"potentialAction\":[{\"@type\":\"SearchAction\",\"target\":{\"@type\":\"EntryPoint\",\"urlTemplate\":\"https:\/\/sites.uvpr.pr.gov.br\/redes\/?s={search_term_string}\"},\"query-input\":{\"@type\":\"PropertyValueSpecification\",\"valueRequired\":true,\"valueName\":\"search_term_string\"}}],\"inLanguage\":\"pt-BR\"}]}<\/script>\n<!-- \/ Yoast SEO plugin. -->","yoast_head_json":{"title":"Galeria de Fotos - REDES - Rede Estadual Doc\u00eancia no Ensino Superior","robots":{"index":"index","follow":"follow","max-snippet":"max-snippet:-1","max-image-preview":"max-image-preview:large","max-video-preview":"max-video-preview:-1"},"canonical":"https:\/\/sites.uvpr.pr.gov.br\/redes\/galeria-de-fotos\/","og_locale":"pt_BR","og_type":"article","og_title":"Galeria de Fotos - REDES - Rede Estadual Doc\u00eancia no Ensino Superior","og_description":"Galeria Momentos que marcaram nossas universidades. Confira registros de eventos, encontros e atividades acad\u00eamicas Projeto Integra\u00e7\u00e3o: conhecendo a Unicentro, projeto que faz parte do NUFAP\/Entredocentes da Unicentro. Dia 11\/02\/26, Oficina da PROEN &#8211; Pr\u00f3-retoria de Ensino Na primeira foto, profas. Rita de C\u00e1ssia Fonseca e Maria Paula Costa, coordenadora e vice do NUFAP.","og_url":"https:\/\/sites.uvpr.pr.gov.br\/redes\/galeria-de-fotos\/","og_site_name":"REDES - Rede Estadual Doc\u00eancia no Ensino Superior","article_modified_time":"2026-02-20T14:03:14+00:00","og_image":[{"width":1043,"height":656,"url":"https:\/\/sites.uvpr.pr.gov.br\/redes\/wp-content\/uploads\/sites\/12\/2025\/10\/image-68.png","type":"image\/png"}],"twitter_card":"summary_large_image","twitter_misc":{"Est. tempo de leitura":"1 minuto"},"schema":{"@context":"https:\/\/schema.org","@graph":[{"@type":"WebPage","@id":"https:\/\/sites.uvpr.pr.gov.br\/redes\/galeria-de-fotos\/","url":"https:\/\/sites.uvpr.pr.gov.br\/redes\/galeria-de-fotos\/","name":"Galeria de Fotos - REDES - Rede Estadual Doc\u00eancia no Ensino Superior","isPartOf":{"@id":"https:\/\/sites.uvpr.pr.gov.br\/redes\/#website"},"primaryImageOfPage":{"@id":"https:\/\/sites.uvpr.pr.gov.br\/redes\/galeria-de-fotos\/#primaryimage"},"image":{"@id":"https:\/\/sites.uvpr.pr.gov.br\/redes\/galeria-de-fotos\/#primaryimage"},"thumbnailUrl":"https:\/\/sites.uvpr.pr.gov.br\/redes\/wp-content\/uploads\/sites\/12\/2025\/10\/image-68-1024x644.png","datePublished":"2025-10-20T14:44:21+00:00","dateModified":"2026-02-20T14:03:14+00:00","breadcrumb":{"@id":"https:\/\/sites.uvpr.pr.gov.br\/redes\/galeria-de-fotos\/#breadcrumb"},"inLanguage":"pt-BR","potentialAction":[{"@type":"ReadAction","target":["https:\/\/sites.uvpr.pr.gov.br\/redes\/galeria-de-fotos\/"]}]},{"@type":"ImageObject","inLanguage":"pt-BR","@id":"https:\/\/sites.uvpr.pr.gov.br\/redes\/galeria-de-fotos\/#primaryimage","url":"https:\/\/sites.uvpr.pr.gov.br\/redes\/wp-content\/uploads\/sites\/12\/2025\/10\/image-68.png","contentUrl":"https:\/\/sites.uvpr.pr.gov.br\/redes\/wp-content\/uploads\/sites\/12\/2025\/10\/image-68.png","width":1043,"height":656},{"@type":"BreadcrumbList","@id":"https:\/\/sites.uvpr.pr.gov.br\/redes\/galeria-de-fotos\/#breadcrumb","itemListElement":[{"@type":"ListItem","position":1,"name":"In\u00edcio","item":"https:\/\/sites.uvpr.pr.gov.br\/redes\/"},{"@type":"ListItem","position":2,"name":"Galeria de Fotos"}]},{"@type":"WebSite","@id":"https:\/\/sites.uvpr.pr.gov.br\/redes\/#website","url":"https:\/\/sites.uvpr.pr.gov.br\/redes\/","name":"REDES - Rede Estadual Doc\u00eancia no Ensino Superior","description":"","potentialAction":[{"@type":"SearchAction","target":{"@type":"EntryPoint","urlTemplate":"https:\/\/sites.uvpr.pr.gov.br\/redes\/?s={search_term_string}"},"query-input":{"@type":"PropertyValueSpecification","valueRequired":true,"valueName":"search_term_string"}}],"inLanguage":"pt-BR"}]}},"_links":{"self":[{"href":"https:\/\/sites.uvpr.pr.gov.br\/redes\/wp-json\/wp\/v2\/pages\/9","targetHints":{"allow":["GET"]}}],"collection":[{"href":"https:\/\/sites.uvpr.pr.gov.br\/redes\/wp-json\/wp\/v2\/pages"}],"about":[{"href":"https:\/\/sites.uvpr.pr.gov.br\/redes\/wp-json\/wp\/v2\/types\/page"}],"author":[{"embeddable":true,"href":"https:\/\/sites.uvpr.pr.gov.br\/redes\/wp-json\/wp\/v2\/users\/1"}],"replies":[{"embeddable":true,"href":"https:\/\/sites.uvpr.pr.gov.br\/redes\/wp-json\/wp\/v2\/comments?post=9"}],"version-history":[{"count":15,"href":"https:\/\/sites.uvpr.pr.gov.br\/redes\/wp-json\/wp\/v2\/pages\/9\/revisions"}],"predecessor-version":[{"id":16489,"href":"https:\/\/sites.uvpr.pr.gov.br\/redes\/wp-json\/wp\/v2\/pages\/9\/revisions\/16489"}],"wp:attachment":[{"href":"https:\/\/sites.uvpr.pr.gov.br\/redes\/wp-json\/wp\/v2\/media?parent=9"}],"curies":[{"name":"wp","href":"https:\/\/api.w.org\/{rel}","templated":true}]}}